{"id":58,"date":"2014-09-29T20:38:25","date_gmt":"2014-09-29T18:38:25","guid":{"rendered":"http:\/\/pubweb.carnet.hr\/dits\/?page_id=58"},"modified":"2018-02-26T09:04:23","modified_gmt":"2018-02-26T08:04:23","slug":"izlozbe","status":"publish","type":"page","link":"https:\/\/dits.hr\/?page_id=58","title":{"rendered":"Izlo\u017ebe"},"content":{"rendered":"<h2><span style=\"font-family: helvetica, arial, sans-serif; color: #000000;\">Izlo\u017eba &#8220;RADOVI ARHITEKTA \u0160MITA&#8221; (2012.)<\/span><\/h2>\n<p><span style=\"font-family: helvetica, arial, sans-serif; color: #000000;\">U srijedu, 17.10.2012. s po\u010detkom u 18 sati u predvorju sportske dvorane Samobor, Andrije Hebranga 26a, prikladno je odr\u017eana izlo\u017eba &#8220;RADOVI ARHITEKTA \u0160MITA&#8221;. Izlo\u017eba je bila otvorena do 19.10.2012. svakim danom od 16 do 21 sati. Nadamo se da smo dostojno uprili\u010dili spomen na na\u0161eg uva\u017eenog \u010dlana od samog po\u010detka Dru\u0161tva, kao i njegovo bogato naslje\u0111e. Ni\u017ee pogledajte nekolicinu poznatih arhitektovih radova:<\/span><\/p>\n<p><span style=\"font-family: helvetica, arial, sans-serif; color: #000000;\"><!-- meta slider 64 not found --><\/span><\/p>\n<p>&nbsp;<\/p>\n<p>&nbsp;<\/p>\n<h2><span style=\"font-family: helvetica, arial, sans-serif; color: #000000;\">Izlo\u017eba mape &#8220;Hrvatski gra\u0111evni oblici 1905.&#8221; (2001.)<\/span><\/h2>\n<p><span style=\"font-family: helvetica, arial, sans-serif; color: #000000;\">Izlo\u017eba se odr\u017eala 2001. godine u Narodnom sveu\u010dili\u0161tu u Samoboru u organizaciji na\u0161eg Dru\u0161tva. Izlo\u017eeni listovi mapa &#8220;Hrvatski gra\u0111evni oblici&#8221; izbor je najkarakteristi\u010dnijih i najljep\u0161ih primjera seoske arhitekture. Prikazani su primjeri s teritorija Hrvatske u doba Austro-Ugarske Monarhije. Organiziranjem ove izlo\u017ebe, DITS \u010dini jedan mali korak u stvaranju i podupiranju svijesti o potrebi evidentiranja arhitektonskih dobara i ukazuje na put kojim se to \u010dinilo u pro\u0161losti.<\/span><\/p>\n","protected":false},"excerpt":{"rendered":"<p>Izlo\u017eba &#8220;RADOVI ARHITEKTA \u0160MITA&#8221; (2012.) U srijedu, 17.10.2012. s po\u010detkom u 18 sati u predvorju sportske dvorane Samobor, Andrije Hebranga 26a, prikladno je odr\u017eana izlo\u017eba &#8220;RADOVI ARHITEKTA \u0160MITA&#8221;. Izlo\u017eba je bila otvorena do 19.10.2012. svakim danom od 16 do 21 sati. Nadamo se da smo dostojno uprili\u010dili spomen na na\u0161eg uva\u017eenog \u010dlana od samog po\u010detka [&hellip;]<\/p>\n","protected":false},"author":1,"featured_media":0,"parent":2652,"menu_order":0,"comment_status":"closed","ping_status":"closed","template":"","meta":{"footnotes":""},"class_list":["post-58","page","type-page","status-publish","hentry","post"],"_links":{"self":[{"href":"https:\/\/dits.hr\/index.php?rest_route=\/wp\/v2\/pages\/58","targetHints":{"allow":["GET"]}}],"collection":[{"href":"https:\/\/dits.hr\/index.php?rest_route=\/wp\/v2\/pages"}],"about":[{"href":"https:\/\/dits.hr\/index.php?rest_route=\/wp\/v2\/types\/page"}],"author":[{"embeddable":true,"href":"https:\/\/dits.hr\/index.php?rest_route=\/wp\/v2\/users\/1"}],"replies":[{"embeddable":true,"href":"https:\/\/dits.hr\/index.php?rest_route=%2Fwp%2Fv2%2Fcomments&post=58"}],"version-history":[{"count":6,"href":"https:\/\/dits.hr\/index.php?rest_route=\/wp\/v2\/pages\/58\/revisions"}],"predecessor-version":[{"id":3648,"href":"https:\/\/dits.hr\/index.php?rest_route=\/wp\/v2\/pages\/58\/revisions\/3648"}],"up":[{"embeddable":true,"href":"https:\/\/dits.hr\/index.php?rest_route=\/wp\/v2\/pages\/2652"}],"wp:attachment":[{"href":"https:\/\/dits.hr\/index.php?rest_route=%2Fwp%2Fv2%2Fmedia&parent=58"}],"curies":[{"name":"wp","href":"https:\/\/api.w.org\/{rel}","templated":true}]}}