{"id":4593,"date":"2026-02-06T13:43:21","date_gmt":"2026-02-06T12:43:21","guid":{"rendered":"https:\/\/dits.hr\/?page_id=4593"},"modified":"2026-02-06T14:46:24","modified_gmt":"2026-02-06T13:46:24","slug":"stambeno-poslovna-zgrada-zagorska-ulica-2","status":"publish","type":"page","link":"https:\/\/dits.hr\/?page_id=4593","title":{"rendered":"Stambeno poslovna zgrada Zagorska ulica 2"},"content":{"rendered":"<p>Godina izgradnje: 1969.<br \/>\nInvestitor:<br \/>\nArhitekt: Ante Radas, dipl. ing, arh.<br \/>\nIzvo\u0111a\u010d: Jugomont Zagreb<br \/>\nOvaj objekt izveden je kao eksperiment za primjenu novih rje\u0161enja, prvenstveno uklju\u010divanja loggia i<br \/>\ncjelokupne armiranobetonske fasade, te kombinacije s monta\u017enim skeletnim sistemom.<a href=\"http:\/\/dits.hr\/wp-content\/uploads\/2026\/02\/E28-Stambeno-poslovna-zgrada-Zagorska-28.jpg\"><img loading=\"lazy\" decoding=\"async\" class=\"aligncenter size-large wp-image-4594\" src=\"http:\/\/dits.hr\/wp-content\/uploads\/2026\/02\/E28-Stambeno-poslovna-zgrada-Zagorska-28-1024x643.jpg\" alt=\"\" width=\"1024\" height=\"643\" srcset=\"https:\/\/dits.hr\/wp-content\/uploads\/2026\/02\/E28-Stambeno-poslovna-zgrada-Zagorska-28-1024x643.jpg 1024w, https:\/\/dits.hr\/wp-content\/uploads\/2026\/02\/E28-Stambeno-poslovna-zgrada-Zagorska-28-300x188.jpg 300w, https:\/\/dits.hr\/wp-content\/uploads\/2026\/02\/E28-Stambeno-poslovna-zgrada-Zagorska-28-768x482.jpg 768w, https:\/\/dits.hr\/wp-content\/uploads\/2026\/02\/E28-Stambeno-poslovna-zgrada-Zagorska-28-1536x964.jpg 1536w, https:\/\/dits.hr\/wp-content\/uploads\/2026\/02\/E28-Stambeno-poslovna-zgrada-Zagorska-28-2048x1285.jpg 2048w\" sizes=\"auto, (max-width: 1024px) 100vw, 1024px\" \/><\/a><\/p>\n","protected":false},"excerpt":{"rendered":"<p>Godina izgradnje: 1969. Investitor: Arhitekt: Ante Radas, dipl. ing, arh. Izvo\u0111a\u010d: Jugomont Zagreb Ovaj objekt izveden je kao eksperiment za primjenu novih rje\u0161enja, prvenstveno uklju\u010divanja loggia i cjelokupne armiranobetonske fasade, te kombinacije s monta\u017enim skeletnim sistemom.<\/p>\n","protected":false},"author":1,"featured_media":0,"parent":360,"menu_order":0,"comment_status":"closed","ping_status":"closed","template":"","meta":{"footnotes":""},"class_list":["post-4593","page","type-page","status-publish","hentry","post"],"_links":{"self":[{"href":"https:\/\/dits.hr\/index.php?rest_route=\/wp\/v2\/pages\/4593","targetHints":{"allow":["GET"]}}],"collection":[{"href":"https:\/\/dits.hr\/index.php?rest_route=\/wp\/v2\/pages"}],"about":[{"href":"https:\/\/dits.hr\/index.php?rest_route=\/wp\/v2\/types\/page"}],"author":[{"embeddable":true,"href":"https:\/\/dits.hr\/index.php?rest_route=\/wp\/v2\/users\/1"}],"replies":[{"embeddable":true,"href":"https:\/\/dits.hr\/index.php?rest_route=%2Fwp%2Fv2%2Fcomments&post=4593"}],"version-history":[{"count":1,"href":"https:\/\/dits.hr\/index.php?rest_route=\/wp\/v2\/pages\/4593\/revisions"}],"predecessor-version":[{"id":4595,"href":"https:\/\/dits.hr\/index.php?rest_route=\/wp\/v2\/pages\/4593\/revisions\/4595"}],"up":[{"embeddable":true,"href":"https:\/\/dits.hr\/index.php?rest_route=\/wp\/v2\/pages\/360"}],"wp:attachment":[{"href":"https:\/\/dits.hr\/index.php?rest_route=%2Fwp%2Fv2%2Fmedia&parent=4593"}],"curies":[{"name":"wp","href":"https:\/\/api.w.org\/{rel}","templated":true}]}}