{"id":4586,"date":"2026-02-06T13:27:29","date_gmt":"2026-02-06T12:27:29","guid":{"rendered":"https:\/\/dits.hr\/?page_id=4586"},"modified":"2026-02-06T14:55:43","modified_gmt":"2026-02-06T13:55:43","slug":"stambeno-poslovna-zgrada-zagrebacka-ulica-26","status":"publish","type":"page","link":"https:\/\/dits.hr\/?page_id=4586","title":{"rendered":"Stambeno poslovna zgrada Zagreba\u010dka ulica 26"},"content":{"rendered":"<p><a href=\"http:\/\/dits.hr\/wp-content\/uploads\/2026\/02\/E28-Stamneno-poslovna-zgrada-Zagrebacka-26.jpg\"><img loading=\"lazy\" decoding=\"async\" class=\"aligncenter size-large wp-image-4587\" src=\"http:\/\/dits.hr\/wp-content\/uploads\/2026\/02\/E28-Stamneno-poslovna-zgrada-Zagrebacka-26-1024x577.jpg\" alt=\"\" width=\"1024\" height=\"577\" srcset=\"https:\/\/dits.hr\/wp-content\/uploads\/2026\/02\/E28-Stamneno-poslovna-zgrada-Zagrebacka-26-1024x577.jpg 1024w, https:\/\/dits.hr\/wp-content\/uploads\/2026\/02\/E28-Stamneno-poslovna-zgrada-Zagrebacka-26-300x169.jpg 300w, https:\/\/dits.hr\/wp-content\/uploads\/2026\/02\/E28-Stamneno-poslovna-zgrada-Zagrebacka-26-768x432.jpg 768w, https:\/\/dits.hr\/wp-content\/uploads\/2026\/02\/E28-Stamneno-poslovna-zgrada-Zagrebacka-26-1536x865.jpg 1536w, https:\/\/dits.hr\/wp-content\/uploads\/2026\/02\/E28-Stamneno-poslovna-zgrada-Zagrebacka-26.jpg 1561w\" sizes=\"auto, (max-width: 1024px) 100vw, 1024px\" \/><\/a>Godina izgradnje :<br \/>\nInvestitor: Damir Gori\u0161ek<br \/>\nArhitekt: Ante Radas, dipl. ing, arh.<\/p>\n<p>Rje\u0161enje uglovne zgrade na kri\u017eanju Zagreba\u010dke ulive i ulice grada Vukovara. Dato je osobito<br \/>\nzanimljivo rje\u0161enje poslovnog prostora u prizemlju i stambenog prostora u potkrovlju zgrade.<\/p>\n","protected":false},"excerpt":{"rendered":"<p>Godina izgradnje : Investitor: Damir Gori\u0161ek Arhitekt: Ante Radas, dipl. ing, arh. Rje\u0161enje uglovne zgrade na kri\u017eanju Zagreba\u010dke ulive i ulice grada Vukovara. Dato je osobito zanimljivo rje\u0161enje poslovnog prostora u prizemlju i stambenog prostora u potkrovlju zgrade.<\/p>\n","protected":false},"author":1,"featured_media":0,"parent":360,"menu_order":0,"comment_status":"closed","ping_status":"closed","template":"","meta":{"footnotes":""},"class_list":["post-4586","page","type-page","status-publish","hentry","post"],"_links":{"self":[{"href":"https:\/\/dits.hr\/index.php?rest_route=\/wp\/v2\/pages\/4586","targetHints":{"allow":["GET"]}}],"collection":[{"href":"https:\/\/dits.hr\/index.php?rest_route=\/wp\/v2\/pages"}],"about":[{"href":"https:\/\/dits.hr\/index.php?rest_route=\/wp\/v2\/types\/page"}],"author":[{"embeddable":true,"href":"https:\/\/dits.hr\/index.php?rest_route=\/wp\/v2\/users\/1"}],"replies":[{"embeddable":true,"href":"https:\/\/dits.hr\/index.php?rest_route=%2Fwp%2Fv2%2Fcomments&post=4586"}],"version-history":[{"count":1,"href":"https:\/\/dits.hr\/index.php?rest_route=\/wp\/v2\/pages\/4586\/revisions"}],"predecessor-version":[{"id":4588,"href":"https:\/\/dits.hr\/index.php?rest_route=\/wp\/v2\/pages\/4586\/revisions\/4588"}],"up":[{"embeddable":true,"href":"https:\/\/dits.hr\/index.php?rest_route=\/wp\/v2\/pages\/360"}],"wp:attachment":[{"href":"https:\/\/dits.hr\/index.php?rest_route=%2Fwp%2Fv2%2Fmedia&parent=4586"}],"curies":[{"name":"wp","href":"https:\/\/api.w.org\/{rel}","templated":true}]}}