{"id":2736,"date":"2017-01-31T21:26:25","date_gmt":"2017-01-31T20:26:25","guid":{"rendered":"http:\/\/dits.hr\/?page_id=2736"},"modified":"2017-02-13T19:41:19","modified_gmt":"2017-02-13T18:41:19","slug":"toranjvidikovac-na-brdu-tepec-2005-2007","status":"publish","type":"page","link":"https:\/\/dits.hr\/?page_id=2736","title":{"rendered":"Toranj\/vidikovac na brdu Tepec (2005.-2007.)"},"content":{"rendered":"<h2><span style=\"font-family: helvetica, arial, sans-serif; font-size: 12pt;\">Toranj\/vidikovac na brdu Tepec (2005.-2007.)<\/span><\/h2>\n<p><span style=\"font-family: helvetica, arial, sans-serif; font-size: 12pt;\">Ovaj projekt je zapo\u010det na inicijativu Dru\u0161tva in\u017eenjera i tehni\u010dara grada Samobora, a sastoji se od postavljanja novog tornja\/vidikovca na brdo Tepec (Anindol) na mjesto na kojem je bila postavljena stara, drvena piramida\/vidikovac u vremenu od 1913. do 1946. godine i svo to vrijeme bila ponos Samoboraca. Toranj-vidikovac je \u010deli\u010dne re\u0161etkaste i pocin\u010dane konstrukcije visine 14 metara s platformom od 3,5 kvadratna metra na vrhu.<\/span><\/p>\n<p><span style=\"font-family: helvetica, arial, sans-serif; font-size: 12pt;\">Iznimno smo ponosni \u0161to se ovaj projekt ostvario usprkos svim pote\u0161ko\u0107ama koje je trebalo savladati (nabavke dozvola i odobrenja od grada).<\/span><br \/>\n<img loading=\"lazy\" decoding=\"async\" class=\"aligncenter wp-image-27 \" src=\"http:\/\/dits.hr\/wp-content\/uploads\/2014\/09\/vidikovac-768x1024.jpg\" width=\"672\" height=\"896\" srcset=\"https:\/\/dits.hr\/wp-content\/uploads\/2014\/09\/vidikovac.jpg 768w, https:\/\/dits.hr\/wp-content\/uploads\/2014\/09\/vidikovac-225x300.jpg 225w\" sizes=\"auto, (max-width: 672px) 100vw, 672px\" \/><img loading=\"lazy\" decoding=\"async\" class=\"aligncenter wp-image-28 \" src=\"http:\/\/dits.hr\/wp-content\/uploads\/2014\/09\/vidikovac_pogled.jpg\" width=\"680\" height=\"510\" srcset=\"https:\/\/dits.hr\/wp-content\/uploads\/2014\/09\/vidikovac_pogled.jpg 640w, https:\/\/dits.hr\/wp-content\/uploads\/2014\/09\/vidikovac_pogled-300x225.jpg 300w\" sizes=\"auto, (max-width: 680px) 100vw, 680px\" \/><br \/>\n<img loading=\"lazy\" decoding=\"async\" class=\"aligncenter wp-image-29 size-large\" src=\"http:\/\/dits.hr\/wp-content\/uploads\/2014\/09\/vidikovacCB-680x1024.jpg\" width=\"680\" height=\"1024\" srcset=\"https:\/\/dits.hr\/wp-content\/uploads\/2014\/09\/vidikovacCB.jpg 680w, https:\/\/dits.hr\/wp-content\/uploads\/2014\/09\/vidikovacCB-199x300.jpg 199w\" sizes=\"auto, (max-width: 680px) 100vw, 680px\" \/><\/p>\n","protected":false},"excerpt":{"rendered":"<p>Toranj\/vidikovac na brdu Tepec (2005.-2007.) Ovaj projekt je zapo\u010det na inicijativu Dru\u0161tva in\u017eenjera i tehni\u010dara grada Samobora, a sastoji se od postavljanja novog tornja\/vidikovca na brdo Tepec (Anindol) na mjesto na kojem je bila postavljena stara, drvena piramida\/vidikovac u vremenu od 1913. do 1946. godine i svo to vrijeme bila ponos Samoboraca. Toranj-vidikovac je \u010deli\u010dne [&hellip;]<\/p>\n","protected":false},"author":1,"featured_media":0,"parent":21,"menu_order":0,"comment_status":"closed","ping_status":"closed","template":"","meta":{"footnotes":""},"class_list":["post-2736","page","type-page","status-publish","hentry","post"],"_links":{"self":[{"href":"https:\/\/dits.hr\/index.php?rest_route=\/wp\/v2\/pages\/2736","targetHints":{"allow":["GET"]}}],"collection":[{"href":"https:\/\/dits.hr\/index.php?rest_route=\/wp\/v2\/pages"}],"about":[{"href":"https:\/\/dits.hr\/index.php?rest_route=\/wp\/v2\/types\/page"}],"author":[{"embeddable":true,"href":"https:\/\/dits.hr\/index.php?rest_route=\/wp\/v2\/users\/1"}],"replies":[{"embeddable":true,"href":"https:\/\/dits.hr\/index.php?rest_route=%2Fwp%2Fv2%2Fcomments&post=2736"}],"version-history":[{"count":1,"href":"https:\/\/dits.hr\/index.php?rest_route=\/wp\/v2\/pages\/2736\/revisions"}],"predecessor-version":[{"id":2737,"href":"https:\/\/dits.hr\/index.php?rest_route=\/wp\/v2\/pages\/2736\/revisions\/2737"}],"up":[{"embeddable":true,"href":"https:\/\/dits.hr\/index.php?rest_route=\/wp\/v2\/pages\/21"}],"wp:attachment":[{"href":"https:\/\/dits.hr\/index.php?rest_route=%2Fwp%2Fv2%2Fmedia&parent=2736"}],"curies":[{"name":"wp","href":"https:\/\/api.w.org\/{rel}","templated":true}]}}