{"id":2633,"date":"2017-01-24T20:07:55","date_gmt":"2017-01-24T19:07:55","guid":{"rendered":"http:\/\/dits.hr\/?page_id=2633"},"modified":"2018-02-12T09:34:25","modified_gmt":"2018-02-12T08:34:25","slug":"o-dits-u","status":"publish","type":"page","link":"https:\/\/dits.hr\/?page_id=2633","title":{"rendered":"O DITS-u"},"content":{"rendered":"<p><span style=\"font-size: 14pt; color: #000000;\"><strong>O DITS-u<\/strong><\/span><br \/>\n<span style=\"font-size: 12pt; color: #000000;\"> <img loading=\"lazy\" decoding=\"async\" class=\"size-thumbnail wp-image-319 alignleft\" src=\"http:\/\/dits.hr\/wp-content\/uploads\/2016\/04\/ZL-Zagreb-16.4.2016-005S-150x150.jpg\" alt=\"\" width=\"150\" height=\"150\">Posve je prirodna i razumljiva potreba in\u017eenjera i tehni\u010dara koji \u017eive i rade u Samoboru da se organiziraju u udrugu putem koje \u0107e imati mogu\u0107nost aktivno se uklju\u010diti u rasprave o programima, projektima, planovima ili akcijama, usmjerenim k razvoju Grada, a na dobrobit njegovih \u017eitelja. Jedna takva, sada ve\u0107 davna inicijativa, okupila je na Osniva\u010dkoj skup\u0161tini 17. listopada 1973, in\u017eenjere i tehni\u010dare gra\u0111evinarstva, arhitekture i geodezije. Evo \u0161to je Antun Turk, dipl.ing.gra\u0111. tada rekao u uvodu referata :<\/span><br \/>\n<span style=\"font-size: 12pt; color: #000000;\"> \u201eSaznanje o potrebi jedne stru\u010dne, dru\u0161tvene organizacije na na\u0161em podru\u010dju, kao \u0161to je Dru\u0161tvo in\u017eenjera i tehni\u010dara (DIT), postoji ve\u0107 dulje vrijeme. Ono \u0161to nismo u\u010dinili ranije, u\u010dinit \u0107emo danas. Osnovat \u0107emo dru\u0161tvo \u010diji \u0107e \u010dlanovi svojim aktivnim u\u010de\u0161\u0107em u mnogome doprinjeti stvarala\u0161tvu i napretku na na\u0161em podru\u010dju, i \u0161ire.<\/span><br \/>\n<span style=\"font-size: 12pt; color: #000000;\"> Samobor i okolica, svojom lokacijom predstavlja interesantno podru\u010dje za razvoj u svakom pogledu. Blizina Zagreba, lijepi krajolici, dobro razvijena industrija, slobodni prostori, privla\u010dni su, i zato Samobor ima vrlo dobru mogu\u0107nost ekspanzije, kao rijetko koja druga op\u0107ina manjih gradova.<\/span><br \/>\n<span style=\"font-size: 12pt; color: #000000;\"> Dobra koncentracija stru\u010dnog tehni\u010dkog kadra stvara mogu\u0107nost da se ti kadrovi anga\u017eiraju, osim na svojim radnim mjestima, i u \u0161iroj zajednici, zbog \u010dega je inicirano osnivanje DIT-a. &#8230;&#8230;..Odmah valja napomenuti da je inicijativni odbor na ovoj Skup\u0161tini okupio in\u017eenjere i tehni\u010dare arhitekture, gra\u0111evinarstva i geodezije (AGG), tj. srodne struke, \u010dija je djelatnost usko povezana, me\u0111utim, \u017eelja je da se i ostale struke: strojari, elektri\u010dari, kemi\u010dari i drugi, tako\u0111er na\u0111u u Dru\u0161tvu in\u017eenjera i tehni\u010dara&#8230;&#8230;..\u201c (citat)<\/span><\/p>\n<p><span style=\"font-size: 12pt; color: #000000;\">Udruga DIT-AGG prestala je s radom 1980, no na njenom tragu bili su na\u0161i kolege in\u017eenjeri i tehni\u010dari, tehni\u010dkih i prirodoslovnih struka kada su 1995. pokrenuli inicijativu za osnivanje udruge multidisciplinarnog karaktera, Dru\u0161tva in\u017eenjera i tehni\u010dara grada Samobora. Vrlo brzo su inicijatori do\u0161li do broja od gotovo 300 in\u017eenjera i tehni\u010dara koji \u017eive i\/ili rade u Samoboru i okru\u017eenju. Broj je vjerojatno i znatno ve\u0107i, no to su podaci koji su bili dostupni u momentu osnivanja Dru\u0161tva. Glavni inicijator i prvi predsjednik i tada 1995. kao i ranije 1973. bio je, danas pokojni, Antun Turk, dipl.ing.gra\u0111.<\/span><br \/>\n<span style=\"font-size: 12pt; color: #000000;\"> S velikim entuzijazmom i ohrabreni velikim potencijalom tehni\u010dkih struka u Samoboru, \u010dlanovi Inicijativnog odbora za osnivanje Dru\u0161tva in\u017eenjera i tehni\u010dara grada Samobora, nakon nekoliko sastanaka na kojima su raspravljeni brojni detalji, nedoumice i ideje, organizirali su OSNIVA\u010cKU SKUP\u0160TINU DRU\u0160TVA IN\u017dENJERA I TEHNI\u010cARA GRADA SAMOBORA, 09. 02. 1995. u dvorani Srednjo\u0161kolskog centra Samobor.<\/span><\/p>\n<p><span style=\"font-size: 12pt; color: #000000;\">Inicijativni odbor sa\u010dinjavali su<\/span><br \/>\n<span style=\"font-size: 12pt; color: #000000;\"> Branko Adamek, geodezija<\/span><br \/>\n<span style=\"font-size: 12pt; color: #000000;\"> Ivan Buneta, gra\u0111evinarstvo<\/span><br \/>\n<span style=\"font-size: 12pt; color: #000000;\"> Ivan Budi, gra\u0111evinarstvo<\/span><br \/>\n<span style=\"font-size: 12pt; color: #000000;\"> Tomislav Crni\u0107, elektrotehnika<\/span><br \/>\n<span style=\"font-size: 12pt; color: #000000;\"> Mirko Dumi\u0107, geodezija<\/span><br \/>\n<span style=\"font-size: 12pt; color: #000000;\"> Vlado Domin, vatrogastvo<\/span><br \/>\n<span style=\"font-size: 12pt; color: #000000;\"> Dra\u017een Gerbl, gra\u0111evinarstvo<\/span><br \/>\n<span style=\"font-size: 12pt; color: #000000;\"> Franjo Lamot, strojarstvo<\/span><br \/>\n<span style=\"font-size: 12pt; color: #000000;\"> Zlatko O\u017eani\u0107, gra\u0111evinarstvo<\/span><br \/>\n<span style=\"font-size: 12pt; color: #000000;\"> Stefan Pa\u010demski, strojarstvo<\/span><br \/>\n<span style=\"font-size: 12pt; color: #000000;\"> Boris Prevendar, gra\u0111evinarstvo<\/span><br \/>\n<span style=\"font-size: 12pt; color: #000000;\"> Ivan Paar, geodezija<\/span><br \/>\n<span style=\"font-size: 12pt; color: #000000;\"> \u017deljko \u0160tahan, \u0161umarstvo<\/span><br \/>\n<span style=\"font-size: 12pt; color: #000000;\"> Antun Turk, gra\u0111evinarstvo<\/span><br \/>\n<span style=\"font-size: 12pt; color: #000000;\"> Dragomir Vlahovi\u0107-Maji, arhitektura<\/span><br \/>\n<span style=\"font-size: 12pt; color: #000000;\"> Kre\u0161imir Kalin, promet<\/span><br \/>\n<span style=\"font-size: 12pt; color: #000000;\"> Zlatko Vlaho, fizika<\/span><\/p>\n<p><span style=\"font-size: 12pt; color: #000000;\">Na osniva\u010dkoj skup\u0161tini bilo je nazo\u010dno 150 in\u017eenjera i tehni\u010dara, te predstavnici brojnih strukovnih udruga.<\/span><br \/>\n<span style=\"font-size: 12pt; color: #000000;\"> Izabrano je prvo Predsjedni\u0161tvo DITS-a s 15 \u010dlanova, te Antun Turk za predsjednika, Sanjin Mahovi\u0107 za dopredsjednika i Dra\u017een Gerbl za tajnika.<\/span><\/p>\n<p><span style=\"font-size: 12pt; color: #000000;\">Masovni odziv na Osniva\u010dku skup\u0161tinu Dru\u0161tva in\u017eenjera i tehni\u010dara te 1995. godine oda\u0161ilje poruku, \u017eelju za zna\u010dajnijom ulogom struke u onim strate\u0161kim odlukama koje, po naravi stvari, impliciraju stru\u010dnost. Gotovo je nepotrebno i re\u0107i da skup visokoobrazovanih ljudi mo\u017ee kvalitetno iznjedriti neku ideju, vezanu uz razvoj grada, ili ju korigirati ili ve\u0107 postoje\u0107u potvrditi. Dru\u0161tvo in\u017eenjera i tehni\u010dara upravo je u svojim primarnim ciljevima postavilo zada\u0107u da:<\/span><br \/>\n<span style=\"font-size: 12pt; color: #000000;\"> &#8211; doprinosi strate\u0161kom razvoju grada Samobora<\/span><br \/>\n<span style=\"font-size: 12pt; color: #000000;\"> &#8211; sudjeluje u rje\u0161enjima vezanim uz urbanizam i ekologiju<\/span><br \/>\n<span style=\"font-size: 12pt; color: #000000;\"> &#8211; sudjeluje u rje\u0161avanju komunalnih problema<\/span><br \/>\n<span style=\"font-size: 12pt; color: #000000;\"> &#8211; sudjeluje u pitanjima vezanim uz industriju i zanatstvo te gradski i prigradski promet<\/span><\/p>\n<p><span style=\"font-size: 12pt; color: #000000;\">Dru\u0161tvo in\u017eenjera i tehni\u010dara je izuzetno privr\u017eeno tzv. neformalnom u\u010denju kao nadgradnji formalnog obrazovanja, i stjecanju znanja putem popularnih predavanja i seminara, na odgovaraju\u0107oj stru\u010dnoj razini. Taj vid aktivnosti Dru\u0161tva prisutan je kroz sve godine djelovanja.<\/span><\/p>\n<p><span style=\"font-size: 12pt; color: #000000;\">Pojedini periodi u djelovanju Dru\u0161tva u velikoj mjeri nose \u201etrag\u201c osobe koja je Dru\u0161tvo vodila U prvih pet godina rada, pored spomenute edukacijske aktivnosti, glavnina djelovanja bila je usmjerena pitanjima vezanim uz urbanizam kao va\u017ean okvir razvoja Grada. \u017dumbera\u010dko i Samoborsko gorje progla\u0161eno je Parkom prirode. Prezentacija aktivnosti Dru\u0161tva na internetu shva\u0107ena je vrlo brzo kao klju\u010dni uvjet moderne komunikacije. Predsjednici Antun Turk, dipl.ing.gra\u0111. kroz razdoblje od \u010detiri godine i Ivan Vu\u010deti\u0107, dipl.ing.el. tijekom godine dana, svakako su ugradili dio svoje osobnosti u aktivnosti Dru\u0161tva.<\/span><br \/>\n<span style=\"font-size: 12pt; color: #000000;\"> Vo\u0111enje Dru\u0161tva je 2000. godine, upravo na prijelomnici stolje\u0107a i tisu\u0107lje\u0107a, preuzeo Ivan Medvedovi\u0107, dipl.ing.el. Zaljubljenik u tehniku i tehni\u010dki znalac, inovator nemirnog duha, u\u010dvrstio je status Dru\u0161tva in\u017eenjera i tehni\u010dara u krugu Zajednice tehni\u010dke kulture. Prihva\u0107aju\u0107i pored vlastitih i druge ideje, pokrenuo je niz projekata.Na izbornoj skup\u0161tini 2014 godine du\u017enost predsjednika DITS-a preuzeo je Stjepan \u010crnjak, dipl.ing.gra\u0111.<\/span><\/p>\n<p>&nbsp;<\/p>\n<p>&nbsp;<\/p>\n<p><a href=\"http:\/\/dits.hr\/wp-content\/uploads\/2018\/02\/Popis-\u010dlanova-DITS-2017.-GODINE.pdf\" target=\"_blank\" rel=\"noopener\">Popis \u010dlanova DITS 2017. GODINE<\/a><\/p>\n","protected":false},"excerpt":{"rendered":"<p>O DITS-u Posve je prirodna i razumljiva potreba in\u017eenjera i tehni\u010dara koji \u017eive i rade u Samoboru da se organiziraju u udrugu putem koje \u0107e imati mogu\u0107nost aktivno se uklju\u010diti u rasprave o programima, projektima, planovima ili akcijama, usmjerenim k razvoju Grada, a na dobrobit njegovih \u017eitelja. Jedna takva, sada ve\u0107 davna inicijativa, okupila je [&hellip;]<\/p>\n","protected":false},"author":1,"featured_media":0,"parent":2628,"menu_order":0,"comment_status":"closed","ping_status":"closed","template":"","meta":{"footnotes":""},"class_list":["post-2633","page","type-page","status-publish","hentry","post"],"_links":{"self":[{"href":"https:\/\/dits.hr\/index.php?rest_route=\/wp\/v2\/pages\/2633","targetHints":{"allow":["GET"]}}],"collection":[{"href":"https:\/\/dits.hr\/index.php?rest_route=\/wp\/v2\/pages"}],"about":[{"href":"https:\/\/dits.hr\/index.php?rest_route=\/wp\/v2\/types\/page"}],"author":[{"embeddable":true,"href":"https:\/\/dits.hr\/index.php?rest_route=\/wp\/v2\/users\/1"}],"replies":[{"embeddable":true,"href":"https:\/\/dits.hr\/index.php?rest_route=%2Fwp%2Fv2%2Fcomments&post=2633"}],"version-history":[{"count":5,"href":"https:\/\/dits.hr\/index.php?rest_route=\/wp\/v2\/pages\/2633\/revisions"}],"predecessor-version":[{"id":3550,"href":"https:\/\/dits.hr\/index.php?rest_route=\/wp\/v2\/pages\/2633\/revisions\/3550"}],"up":[{"embeddable":true,"href":"https:\/\/dits.hr\/index.php?rest_route=\/wp\/v2\/pages\/2628"}],"wp:attachment":[{"href":"https:\/\/dits.hr\/index.php?rest_route=%2Fwp%2Fv2%2Fmedia&parent=2633"}],"curies":[{"name":"wp","href":"https:\/\/api.w.org\/{rel}","templated":true}]}}