{"id":2628,"date":"2024-03-27T13:44:09","date_gmt":"2024-03-27T12:44:09","guid":{"rendered":"http:\/\/dits.hr\/?page_id=2628"},"modified":"2024-03-27T14:01:05","modified_gmt":"2024-03-27T13:01:05","slug":"info","status":"publish","type":"page","link":"https:\/\/dits.hr\/?page_id=2628","title":{"rendered":"Info"},"content":{"rendered":"<div id=\"pl-2628\"><div class=\"panel-grid\" id=\"pg-2628-0\" ><div class=\"panel-grid-cell\" id=\"pgc-2628-0-0\" ><div class=\"so-panel widget widget_sow-editor panel-first-child panel-last-child\" id=\"panel-2628-0-0-0\" data-index=\"0\"><div class=\"so-widget-sow-editor so-widget-sow-editor-base\">\n<div class=\"siteorigin-widget-tinymce textwidget\">\n\t<p style=\"text-align: center;\"><span style=\"font-size: 18pt;\"><strong><span style=\"font-family: helvetica, arial, sans-serif;\"><em>DRU\u0160TVO IN\u017dENJERA I TEHNI\u010cARA GRADA SAMOBORA<\/em><\/span><\/strong><\/span><\/p>\n<p style=\"text-align: center;\"><span style=\"font-family: helvetica, arial, sans-serif;\"><em>&nbsp; &nbsp; &nbsp; &nbsp; <span style=\"color: #000000;\">10430 Samobor, Ljudevita Gaja 48, OIB 95782285904 e-mail: <\/span><\/em><span style=\"color: #0000ff;\"><a style=\"color: #0000ff;\" href=\"&#x6d;ai&#x6c;to&#x3a;di&#x74;s&#64;&#x64;it&#x73;.h&#x72;\"><em>info&#64;&#100;&#x69;&#x74;&#x73;&#x2e;&#x68;&#x72;<\/em><\/a><em>, <\/em><a style=\"color: #0000ff;\" href=\"http:\/\/www.dits.hr\"><em>www.dits.hr<\/em><\/a><\/span><\/span><\/p>\n<p style=\"text-align: center;\"><span style=\"font-family: helvetica, arial, sans-serif;\"><em>&nbsp; &nbsp; &nbsp; &nbsp; &nbsp; &nbsp; &nbsp; &nbsp; &nbsp; &nbsp; &nbsp;<span style=\"color: #000000;\">IBAN&nbsp;&nbsp; HR2524030091120003320&nbsp;&nbsp; SAMOBORSKA BANKA DD<\/span><\/em><\/span><\/p>\n<\/div>\n<\/div><\/div><\/div><\/div><div class=\"panel-grid\" id=\"pg-2628-1\" ><div class=\"panel-grid-cell panel-grid-cell-empty panel-grid-cell-mobile-last\" id=\"pgc-2628-1-0\" ><\/div><div class=\"panel-grid-cell panel-grid-cell-empty\" id=\"pgc-2628-1-1\" ><\/div><\/div><div class=\"panel-grid\" id=\"pg-2628-2\" ><div class=\"panel-grid-cell\" id=\"pgc-2628-2-0\" ><div class=\"so-panel widget widget_wpgmza_map_widget wpgmza_widget panel-first-child panel-last-child\" id=\"panel-2628-2-0-0\" data-index=\"1\">\n                \n            <div id=\"wpgmza_map\" style=\"display:block; overflow:auto; width:100%; height:450px; float:left;\">\n            \n            <\/div>\n        <\/div><\/div><div class=\"panel-grid-cell\" id=\"pgc-2628-2-1\" ><div class=\"so-panel widget widget_text panel-first-child panel-last-child\" id=\"panel-2628-2-1-0\" data-index=\"2\">\t\t\t<div class=\"textwidget\"><div role=\"form\" class=\"wpcf7\" id=\"wpcf7-f2766-o1\" lang=\"hr\" dir=\"ltr\">\n<div class=\"screen-reader-response\"><\/div>\n<form action=\"\/index.php?rest_route=%2Fwp%2Fv2%2Fpages%2F2628#wpcf7-f2766-o1\" method=\"post\" class=\"wpcf7-form\" novalidate=\"novalidate\">\n<div style=\"display: none;\">\n<input type=\"hidden\" name=\"_wpcf7\" value=\"2766\" \/>\n<input type=\"hidden\" name=\"_wpcf7_version\" value=\"4.7\" \/>\n<input type=\"hidden\" name=\"_wpcf7_locale\" value=\"hr\" \/>\n<input type=\"hidden\" name=\"_wpcf7_unit_tag\" value=\"wpcf7-f2766-o1\" \/>\n<input type=\"hidden\" name=\"_wpnonce\" value=\"00f0c1fb4b\" \/>\n<\/div>\n<p><label> Va\u0161e ime (obavezno)<br \/>\n    <span class=\"wpcf7-form-control-wrap your-name\"><input type=\"text\" name=\"your-name\" value=\"\" size=\"40\" class=\"wpcf7-form-control wpcf7-text wpcf7-validates-as-required\" aria-required=\"true\" aria-invalid=\"false\" \/><\/span> <\/label><\/p>\n<p><label> Va\u0161a e-po\u0161ta (obavezno)<br \/>\n    <span class=\"wpcf7-form-control-wrap your-email\"><input type=\"email\" name=\"your-email\" value=\"\" size=\"40\" class=\"wpcf7-form-control wpcf7-text wpcf7-email wpcf7-validates-as-required wpcf7-validates-as-email\" aria-required=\"true\" aria-invalid=\"false\" \/><\/span> <\/label><\/p>\n<p><label> Predmet<br \/>\n    <span class=\"wpcf7-form-control-wrap your-subject\"><input type=\"text\" name=\"your-subject\" value=\"\" size=\"40\" class=\"wpcf7-form-control wpcf7-text\" aria-invalid=\"false\" \/><\/span> <\/label><\/p>\n<p><label> Va\u0161a poruka<br \/>\n    <span class=\"wpcf7-form-control-wrap your-message\"><textarea name=\"your-message\" cols=\"40\" rows=\"10\" class=\"wpcf7-form-control wpcf7-textarea\" aria-invalid=\"false\"><\/textarea><\/span> <\/label><\/p>\n<p><input type=\"submit\" value=\"Po\u0161alji\" class=\"wpcf7-form-control wpcf7-submit\" \/><\/p>\n<div class=\"wpcf7-response-output wpcf7-display-none\"><\/div><\/form><\/div><\/div>\n\t\t<\/div><\/div><div class=\"panel-grid-cell\" id=\"pgc-2628-2-2\" ><div class=\"so-panel widget widget_metaslider_widget panel-first-child panel-last-child\" id=\"panel-2628-2-2-0\" data-index=\"3\"><!-- meta slider -->\n<div style=\"max-width: 600px; margin: 0 auto;\" class=\"metaslider metaslider-flex metaslider-2591 ml-slider\">\n    \n    <div id=\"metaslider_container_2591\">\n        <div id=\"metaslider_2591\">\n            <ul class=\"slides\">\n                <li style=\"display: block; width: 100%;\" class=\"slide-3797 ms-image\"><img loading=\"lazy\" decoding=\"async\" src=\"http:\/\/dits.hr\/wp-content\/uploads\/2018\/11\/IMG_4704novo-600x800.jpg\" height=\"800\" width=\"600\" alt=\"\" class=\"slider-2591 slide-3797\" \/><\/li>\n                <li style=\"display: none; width: 100%;\" class=\"slide-26 ms-image\"><img loading=\"lazy\" decoding=\"async\" src=\"http:\/\/dits.hr\/wp-content\/uploads\/2014\/09\/pil-527x703.jpg\" height=\"800\" width=\"600\" alt=\"\" class=\"slider-2591 slide-26\" \/><\/li>\n                <li style=\"display: none; width: 100%;\" class=\"slide-27 ms-image\"><img loading=\"lazy\" decoding=\"async\" src=\"http:\/\/dits.hr\/wp-content\/uploads\/2014\/09\/vidikovac-600x800.jpg\" height=\"800\" width=\"600\" alt=\"\" class=\"slider-2591 slide-27\" \/><\/li>\n                <li style=\"display: none; width: 100%;\" class=\"slide-24 ms-image\"><img loading=\"lazy\" decoding=\"async\" src=\"http:\/\/dits.hr\/wp-content\/uploads\/2014\/09\/Meteoroloski_stup-600x800.jpg\" height=\"800\" width=\"600\" alt=\"\" class=\"slider-2591 slide-24\" \/><\/li>\n                <li style=\"display: none; width: 100%;\" class=\"slide-2686 ms-image\"><img loading=\"lazy\" decoding=\"async\" src=\"http:\/\/dits.hr\/wp-content\/uploads\/2017\/01\/suuncani-sat-1-600x800.png\" height=\"800\" width=\"600\" alt=\"\" class=\"slider-2591 slide-2686\" \/><\/li>\n                <li style=\"display: none; width: 100%;\" class=\"slide-3795 ms-image\"><img loading=\"lazy\" decoding=\"async\" src=\"http:\/\/dits.hr\/wp-content\/uploads\/2018\/11\/Ustava-novo-mini-2-551x735.jpg\" height=\"800\" width=\"600\" alt=\"\" class=\"slider-2591 slide-3795\" \/><\/li>\n                <li style=\"display: none; width: 100%;\" class=\"slide-3796 ms-image\"><img loading=\"lazy\" decoding=\"async\" src=\"http:\/\/dits.hr\/wp-content\/uploads\/2018\/11\/IMG_4709novoA-600x800.jpg\" height=\"800\" width=\"600\" alt=\"\" class=\"slider-2591 slide-3796\" \/><\/li>\n            <\/ul>\n        <\/div>\n        \n    <\/div>\n    <script type=\"text\/javascript\">\n        var metaslider_2591 = function($) {\n            $('#metaslider_2591').addClass('flexslider'); \/\/ theme\/plugin conflict avoidance\n            $('#metaslider_2591').flexslider({ \n                slideshowSpeed:7500,\n                animation:\"fade\",\n                controlNav:true,\n                directionNav:true,\n                pauseOnHover:true,\n                direction:\"horizontal\",\n                reverse:false,\n                animationSpeed:600,\n                prevText:\"&lt;\",\n                nextText:\"&gt;\",\n                slideshow:true\n            });\n        };\n        var timer_metaslider_2591 = function() {\n            var slider = !window.jQuery ? window.setTimeout(timer_metaslider_2591, 100) : !jQuery.isReady ? window.setTimeout(timer_metaslider_2591, 1) : metaslider_2591(window.jQuery);\n        };\n        timer_metaslider_2591();\n    <\/script>\n<\/div>\n<!--\/\/ meta slider--><\/div><\/div><\/div><\/div>","protected":false},"excerpt":{"rendered":"<p>DRU\u0160TVO IN\u017dENJERA I TEHNI\u010cARA GRADA SAMOBORA &nbsp; &nbsp; &nbsp; &nbsp; 10430 Samobor, Ljudevita Gaja 48, OIB 95782285904 e-mail: &#x69;&#110;f&#x6f;&#x40;&#100;i&#x74;&#x73;&#46;h&#x72;, www.dits.hr &nbsp; &nbsp; &nbsp; &nbsp; &nbsp; &nbsp; &nbsp; &nbsp; &nbsp; &nbsp; &nbsp;IBAN&nbsp;&nbsp; HR2524030091120003320&nbsp;&nbsp; SAMOBORSKA BANKA DD Va\u0161e ime (obavezno) Va\u0161a e-po\u0161ta (obavezno) Predmet Va\u0161a poruka<\/p>\n","protected":false},"author":1,"featured_media":0,"parent":0,"menu_order":0,"comment_status":"closed","ping_status":"closed","template":"","meta":{"footnotes":""},"class_list":["post-2628","page","type-page","status-publish","hentry","post"],"_links":{"self":[{"href":"https:\/\/dits.hr\/index.php?rest_route=\/wp\/v2\/pages\/2628","targetHints":{"allow":["GET"]}}],"collection":[{"href":"https:\/\/dits.hr\/index.php?rest_route=\/wp\/v2\/pages"}],"about":[{"href":"https:\/\/dits.hr\/index.php?rest_route=\/wp\/v2\/types\/page"}],"author":[{"embeddable":true,"href":"https:\/\/dits.hr\/index.php?rest_route=\/wp\/v2\/users\/1"}],"replies":[{"embeddable":true,"href":"https:\/\/dits.hr\/index.php?rest_route=%2Fwp%2Fv2%2Fcomments&post=2628"}],"version-history":[{"count":27,"href":"https:\/\/dits.hr\/index.php?rest_route=\/wp\/v2\/pages\/2628\/revisions"}],"predecessor-version":[{"id":4387,"href":"https:\/\/dits.hr\/index.php?rest_route=\/wp\/v2\/pages\/2628\/revisions\/4387"}],"wp:attachment":[{"href":"https:\/\/dits.hr\/index.php?rest_route=%2Fwp%2Fv2%2Fmedia&parent=2628"}],"curies":[{"name":"wp","href":"https:\/\/api.w.org\/{rel}","templated":true}]}}