{"id":358,"date":"2016-10-16T10:06:38","date_gmt":"2016-10-16T08:06:38","guid":{"rendered":"http:\/\/dits.hr\/?page_id=358"},"modified":"2018-02-15T08:19:20","modified_gmt":"2018-02-15T07:19:20","slug":"skupina-d","status":"publish","type":"page","link":"http:\/\/dits.hr\/?page_id=358","title":{"rendered":"<body lang=HR style='tab-interval:35.4pt'>  <div class=WordSection1>  <p class=MsoNormal align=center style='text-align:center;background:#D8DBCE'> \t<span style='font-size:16.0pt;line-height:106%;font-family:\"Helvetica\",sans-serif'>KARTA D<o:p><\/o:p><\/span><\/br> \t<span style='font-size:9.0pt;line-height:106%;font-family:\"Helvetica\",sans-serif;text-transform:capitalize'>Anindol, Giznik<o:p><\/o:p><\/span> <\/p>  <\/div>  <\/body>  <\/html>"},"content":{"rendered":"<div id=\"pl-358\"><div class=\"panel-grid\" id=\"pg-358-0\" ><div class=\"panel-grid-cell\" id=\"pgc-358-0-0\" ><div class=\"so-panel widget widget_sow-editor panel-first-child panel-last-child\" id=\"panel-358-0-0-0\" data-index=\"0\"><div class=\"so-widget-sow-editor so-widget-sow-editor-base\">\n<div class=\"siteorigin-widget-tinymce textwidget\">\n\t<p>&nbsp;<\/p>\n<p><span style=\"font-family: helvetica,arial,sans-serif; color: #000000; font-size: 12pt;\"><a style=\"color: #000000;\" href=\"http:\/\/dits.hr\/?page_id=647\">D1 Gradsko groblje Samobor<\/a><\/span><br \/>\n <span style=\"font-family: helvetica,arial,sans-serif; color: #000000; font-size: 12pt;\"> <a style=\"color: #000000;\" href=\"http:\/\/dits.hr\/?page_id=649\">D2 Spomenik Ivanu Perkovcu, Gradsko groblje<\/a><\/span><br \/>\n <span style=\"font-family: helvetica,arial,sans-serif; color: #000000; font-size: 12pt;\"> <a style=\"color: #000000;\" href=\"http:\/\/dits.hr\/?page_id=651\">D3 Stambena ku\u0107a Kapu\u0161in, Jurjevska<\/a><\/span><br \/>\n <span style=\"font-family: helvetica,arial,sans-serif; color: #000000; font-size: 12pt;\"> <a style=\"color: #000000;\" href=\"http:\/\/dits.hr\/?page_id=653\">D4 Stambena ku\u0107a, Jurjevska 6<\/a><\/span><br \/>\n <span style=\"font-family: helvetica,arial,sans-serif; color: #000000; font-size: 12pt;\"> <a style=\"color: #000000;\" href=\"http:\/\/dits.hr\/?page_id=655\">D5 Vila Weiss, Kukuljevi\u0107eva 5<\/a><\/span><br \/>\n <span style=\"font-family: helvetica,arial,sans-serif; color: #000000; font-size: 12pt;\"> <a style=\"color: #000000;\" href=\"http:\/\/dits.hr\/?page_id=657\">D6 Ljetnikovac \u0160agovac, Giznik<\/a><\/span><br \/>\n <span style=\"font-family: helvetica,arial,sans-serif; color: #000000; font-size: 12pt;\"> <a style=\"color: #000000;\" href=\"http:\/\/dits.hr\/?page_id=659\">D7 Park Anin dol<\/a><\/span><br \/>\n <span style=\"font-family: helvetica,arial,sans-serif; color: #000000; font-size: 12pt;\"> <a style=\"color: #000000;\" href=\"http:\/\/dits.hr\/?page_id=661\">D8 Spomenik osnivanju KPH, Park Ann dol<\/a><\/span><br \/>\n <span style=\"font-family: helvetica,arial,sans-serif; color: #000000; font-size: 12pt;\"> <a style=\"color: #000000;\" href=\"http:\/\/dits.hr\/?page_id=663\">D9 Kapela sv. Ane s kalvarijom, Park Anin dol<\/a><\/span><br \/>\n <span style=\"font-family: helvetica,arial,sans-serif; color: #000000; font-size: 12pt;\"> <a style=\"color: #000000;\" href=\"http:\/\/dits.hr\/?page_id=665\">D10 Kapela sv. Jurja, Park Anin dol<\/a><\/span><br \/>\n <span style=\"font-family: helvetica,arial,sans-serif; color: #000000; font-size: 12pt;\"> <a style=\"color: #000000;\" href=\"http:\/\/dits.hr\/?page_id=667\">D11 Kljet ,Ulica sv. Ane<\/a><\/span><br \/>\n <span style=\"font-family: helvetica,arial,sans-serif; color: #000000; font-size: 12pt;\"> <a style=\"color: #000000;\" href=\"http:\/\/dits.hr\/?page_id=669\">D12 Titova ku\u0107a, Ulica sv. Ane<\/a><\/span><br \/>\n <span style=\"font-family: helvetica,arial,sans-serif; color: #000000; font-size: 12pt;\"> <a style=\"color: #000000;\" href=\"http:\/\/dits.hr\/?page_id=671\">D13 Obiteljska ku\u0107a Kova\u010d, Ul. Tina Ujevi\u0107a 17<\/a><\/span><br \/>\n <span style=\"font-family: helvetica,arial,sans-serif; color: #000000; font-size: 12pt;\"> <a style=\"color: #000000;\" href=\"http:\/\/dits.hr\/?page_id=673\">D14 Crna ku\u0107a III, Ulica S. Ore\u0161kovi\u0107a 2<\/a><\/span><br \/>\n <span style=\"font-family: helvetica,arial,sans-serif; color: #000000; font-size: 12pt;\"> <a style=\"color: #000000;\" href=\"http:\/\/dits.hr\/?page_id=675\">D15 Ku\u0107a Lindi\u0107, Ulica F. Liszta 5<\/a><\/span><br \/>\n <span style=\"font-family: helvetica,arial,sans-serif; color: #000000; font-size: 12pt;\"> <a style=\"color: #000000;\" href=\"http:\/\/dits.hr\/?page_id=677\">D16 Stambena ku\u0107a, Jurjevska 8<\/a><\/span><br \/>\n <span style=\"font-family: helvetica,arial,sans-serif; color: #000000; font-size: 12pt;\"> <a style=\"color: #000000;\" href=\"http:\/\/dits.hr\/?page_id=3480\">D17 Stambena ku\u0107a Aninlet, Ulica sv. Ane 40<\/a><\/span><\/p>\n<\/div>\n<\/div><\/div><\/div><div class=\"panel-grid-cell\" id=\"pgc-358-0-1\" ><div class=\"so-panel widget widget_sow-editor panel-first-child panel-last-child\" id=\"panel-358-0-1-0\" data-index=\"1\"><div class=\"so-widget-sow-editor so-widget-sow-editor-base\">\n<div class=\"siteorigin-widget-tinymce textwidget\">\n\t<p><!-- This imagemap inserted by Gwyn's Imagemap Selector http:\/\/gwynethllewelyn.net\/gwyns-imagemap-selector\/ --><br \/>\n<img src='http:\/\/dits.hr\/wp-content\/uploads\/2016\/11\/Karta-D-final1.png?1478448329140' usemap='#imgmap_css_container_imgmap201611617230' class='gwyn-image' alt='Imagemap alt' id='img-imgmap201611617230' \/><\/p>\n<map id='imgmap201611617230' name='imgmap_css_container_imgmap201611617230'>\n<area shape=\"rect\" coords=\"263,542,300,578\" href=\"http:\/\/dits.hr\/?page_id=671\" alt=\"Obiteljska ku\u0107a Kova\u010d\" title=\"Obiteljska ku\u0107a Kova\u010d\" target=\"_self\" class=\"imgmap201611617230-area\" id=\"imgmap201611617230-area-0\" \/>\n<area shape=\"rect\" coords=\"269,385,317,433\" href=\"http:\/\/dits.hr\/?page_id=673\" alt=\"Crna ku\u0107a III\" title=\"Crna ku\u0107a III\" target=\"_self\" class=\"imgmap201611617230-area\" id=\"imgmap201611617230-area-1\" \/>\n<area shape=\"rect\" coords=\"378,254,421,303\" href=\"http:\/\/dits.hr\/?page_id=675\" alt=\"Ku\u0107a Lindi\u0107\" title=\"Ku\u0107a Lindi\u0107\" target=\"_self\" class=\"imgmap201611617230-area\" id=\"imgmap201611617230-area-2\" \/>\n<area shape=\"rect\" coords=\"3,275,41,329\" href=\"http:\/\/dits.hr\/?page_id=669\" alt=\"Titova ku\u0107a\" title=\"Titova ku\u0107a\" target=\"_self\" class=\"imgmap201611617230-area\" id=\"imgmap201611617230-area-3\" \/>\n<area shape=\"rect\" coords=\"162,161,196,198\" href=\"http:\/\/dits.hr\/?page_id=667\" alt=\"Kljet ,ulica sv.Ane\" title=\"Kljet ,ulica sv.Ane\" target=\"_self\" class=\"imgmap201611617230-area\" id=\"imgmap201611617230-area-4\" \/>\n<area shape=\"rect\" coords=\"339,125,375,168\" href=\"http:\/\/dits.hr\/?page_id=655\" alt=\"Vila Weiss\" title=\"Vila Weiss\" target=\"_self\" class=\"imgmap201611617230-area\" id=\"imgmap201611617230-area-5\" \/>\n<area shape=\"rect\" coords=\"288,59,325,99\" href=\"http:\/\/dits.hr\/?page_id=659\" alt=\"Park Anin dol\" title=\"Park Anin dol\" target=\"_self\" class=\"imgmap201611617230-area\" id=\"imgmap201611617230-area-6\" \/>\n<area shape=\"rect\" coords=\"242,54,272,92\" href=\"http:\/\/dits.hr\/?page_id=663\" alt=\"Kapela sv. Ane\" title=\"Kapela sv. Ane\" target=\"_self\" class=\"imgmap201611617230-area\" id=\"imgmap201611617230-area-7\" \/>\n<area shape=\"rect\" coords=\"209,89,240,128\" href=\"http:\/\/dits.hr\/?page_id=661\" alt=\"Spomenik osnivanju KPH\" title=\"Spomenik osnivanju KPH\" target=\"_self\" class=\"imgmap201611617230-area\" id=\"imgmap201611617230-area-8\" \/>\n<area shape=\"rect\" coords=\"174,3,213,32\" href=\"http:\/\/dits.hr\/?page_id=665\" alt=\"Kapela sv. Jurja\" title=\"Kapela sv. Jurja\" target=\"_self\" class=\"imgmap201611617230-area\" id=\"imgmap201611617230-area-9\" \/>\n<area shape=\"rect\" coords=\"484,147,508,179\" href=\"http:\/\/dits.hr\/?page_id=649\" alt=\"Spomenik Ivanu Perkovcu\" title=\"Spomenik Ivanu Perkovcu\" target=\"_self\" class=\"imgmap201611617230-area\" id=\"imgmap201611617230-area-10\" \/>\n<area shape=\"rect\" coords=\"506,95,533,133\" href=\"http:\/\/dits.hr\/?page_id=653\" alt=\"Jurjevska 6\" title=\"Jurjevska 6\" target=\"_self\" class=\"imgmap201611617230-area\" id=\"imgmap201611617230-area-11\" \/>\n<area shape=\"rect\" coords=\"447,110,488,145\" href=\"http:\/\/dits.hr\/?page_id=647\" alt=\"Gradsko groblje Samobor\" title=\"Gradsko groblje Samobor\" target=\"_self\" class=\"imgmap201611617230-area\" id=\"imgmap201611617230-area-12\" \/>\n<area shape=\"rect\" coords=\"462,55,490,85\" href=\"http:\/\/dits.hr\/?page_id=651\" alt=\"Stambena ku\u0107a Kapu\u0161in\" title=\"Stambena ku\u0107a Kapu\u0161in\" target=\"_self\" class=\"imgmap201611617230-area\" id=\"imgmap201611617230-area-13\" \/>\n<area shape=\"rect\" coords=\"436,77,461,104\" href=\"http:\/\/dits.hr\/?page_id=677\" alt=\"Jurjevska 8\" title=\"Jurjevska 8\" target=\"_self\" class=\"imgmap201611617230-area\" id=\"imgmap201611617230-area-14\" \/>\n<\/map>\n<\/div>\n<\/div><\/div><\/div><\/div><div class=\"panel-grid\" id=\"pg-358-1\" ><div class=\"panel-grid-cell\" id=\"pgc-358-1-0\" ><div class=\"so-panel widget widget_ngg-images ngg_images panel-first-child panel-last-child\" id=\"panel-358-1-0-0\" data-index=\"2\"><div class=\"hslice\" id=\"ngg-webslice\"><h3 class=\"entry-title widget-title\">&nbsp;<\/h3><div class=\"ngg-widget entry-content\">\n            <a href=\"http:\/\/dits.hr\/wp-content\/gallery\/gradsko-groblje-samobor\/d_1_gradsko_groblje-5.JPG\"\n           title=\" \"\n           data-image-id='194'\n           class=\"ngg-fancybox\" rel=\"e3833bd70ed2972cd3953ff77ec1774a\"           ><img loading=\"lazy\" decoding=\"async\" title=\"d_1_gradsko_groblje 5\"\n                 alt=\"d_1_gradsko_groblje 5\"\n                 src=\"http:\/\/dits.hr\/wp-content\/gallery\/gradsko-groblje-samobor\/thumbs\/thumbs_d_1_gradsko_groblje-5.JPG\"\n                 width=\"150\"\n                 height=\"100\"\n            \/><\/a>\n            <a href=\"http:\/\/dits.hr\/wp-content\/gallery\/spomenik-ivanu-perkovcu\/d_2_spomenik_ivanu_perkovcu-1.JPG\"\n           title=\" \"\n           data-image-id='196'\n           class=\"ngg-fancybox\" rel=\"e3833bd70ed2972cd3953ff77ec1774a\"           ><img loading=\"lazy\" decoding=\"async\" title=\"d_2_spomenik_ivanu_perkovcu (1)\"\n                 alt=\"d_2_spomenik_ivanu_perkovcu (1)\"\n                 src=\"http:\/\/dits.hr\/wp-content\/gallery\/spomenik-ivanu-perkovcu\/thumbs\/thumbs_d_2_spomenik_ivanu_perkovcu-1.JPG\"\n                 width=\"150\"\n                 height=\"100\"\n            \/><\/a>\n            <a href=\"http:\/\/dits.hr\/wp-content\/gallery\/stambena-kuca-jurjevska-6\/d_4_jurjevska_6-1.JPG\"\n           title=\" \"\n           data-image-id='202'\n           class=\"ngg-fancybox\" rel=\"e3833bd70ed2972cd3953ff77ec1774a\"           ><img loading=\"lazy\" decoding=\"async\" title=\"d_4_jurjevska_6 (1)\"\n                 alt=\"d_4_jurjevska_6 (1)\"\n                 src=\"http:\/\/dits.hr\/wp-content\/gallery\/stambena-kuca-jurjevska-6\/thumbs\/thumbs_d_4_jurjevska_6-1.JPG\"\n                 width=\"150\"\n                 height=\"100\"\n            \/><\/a>\n            <a href=\"http:\/\/dits.hr\/wp-content\/gallery\/stambena-kuca-jurjevska-6\/d_4_jurjevska_6-3.JPG\"\n           title=\" \"\n           data-image-id='204'\n           class=\"ngg-fancybox\" rel=\"e3833bd70ed2972cd3953ff77ec1774a\"           ><img loading=\"lazy\" decoding=\"async\" title=\"d_4_jurjevska_6 (3)\"\n                 alt=\"d_4_jurjevska_6 (3)\"\n                 src=\"http:\/\/dits.hr\/wp-content\/gallery\/stambena-kuca-jurjevska-6\/thumbs\/thumbs_d_4_jurjevska_6-3.JPG\"\n                 width=\"150\"\n                 height=\"100\"\n            \/><\/a>\n            <a href=\"http:\/\/dits.hr\/wp-content\/gallery\/vila-weiss\/d_5_kukuljeviceva_5-2.JPG\"\n           title=\" \"\n           data-image-id='206'\n           class=\"ngg-fancybox\" rel=\"e3833bd70ed2972cd3953ff77ec1774a\"           ><img loading=\"lazy\" decoding=\"async\" title=\"d_5_kukuljeviceva_5 (2)\"\n                 alt=\"d_5_kukuljeviceva_5 (2)\"\n                 src=\"http:\/\/dits.hr\/wp-content\/gallery\/vila-weiss\/thumbs\/thumbs_d_5_kukuljeviceva_5-2.JPG\"\n                 width=\"150\"\n                 height=\"100\"\n            \/><\/a>\n            <a href=\"http:\/\/dits.hr\/wp-content\/gallery\/crna-kuca-iii-ulica-s-oreskovica-2\/D14-2.png\"\n           title=\" \"\n           data-image-id='472'\n           class=\"ngg-fancybox\" rel=\"e3833bd70ed2972cd3953ff77ec1774a\"           ><img loading=\"lazy\" decoding=\"async\" title=\"D14-2\"\n                 alt=\"D14-2\"\n                 src=\"http:\/\/dits.hr\/wp-content\/gallery\/crna-kuca-iii-ulica-s-oreskovica-2\/thumbs\/thumbs_D14-2.png\"\n                 width=\"150\"\n                 height=\"100\"\n            \/><\/a>\n            <a href=\"http:\/\/dits.hr\/wp-content\/gallery\/park-anin-dol\/d_7_park_anindol-1.JPG\"\n           title=\" \"\n           data-image-id='207'\n           class=\"ngg-fancybox\" rel=\"e3833bd70ed2972cd3953ff77ec1774a\"           ><img loading=\"lazy\" decoding=\"async\" title=\"d_7_park_anindol (1)\"\n                 alt=\"d_7_park_anindol (1)\"\n                 src=\"http:\/\/dits.hr\/wp-content\/gallery\/park-anin-dol\/thumbs\/thumbs_d_7_park_anindol-1.JPG\"\n                 width=\"150\"\n                 height=\"100\"\n            \/><\/a>\n            <a href=\"http:\/\/dits.hr\/wp-content\/gallery\/park-anin-dol\/d_7_park_anindol-4.JPG\"\n           title=\" \"\n           data-image-id='210'\n           class=\"ngg-fancybox\" rel=\"e3833bd70ed2972cd3953ff77ec1774a\"           ><img loading=\"lazy\" decoding=\"async\" title=\"d_7_park_anindol (4)\"\n                 alt=\"d_7_park_anindol (4)\"\n                 src=\"http:\/\/dits.hr\/wp-content\/gallery\/park-anin-dol\/thumbs\/thumbs_d_7_park_anindol-4.JPG\"\n                 width=\"150\"\n                 height=\"100\"\n            \/><\/a>\n            <a href=\"http:\/\/dits.hr\/wp-content\/gallery\/park-anin-dol\/d_7_park_anindol-5.JPG\"\n           title=\" \"\n           data-image-id='211'\n           class=\"ngg-fancybox\" rel=\"e3833bd70ed2972cd3953ff77ec1774a\"           ><img loading=\"lazy\" decoding=\"async\" title=\"d_7_park_anindol (5)\"\n                 alt=\"d_7_park_anindol (5)\"\n                 src=\"http:\/\/dits.hr\/wp-content\/gallery\/park-anin-dol\/thumbs\/thumbs_d_7_park_anindol-5.JPG\"\n                 width=\"150\"\n                 height=\"100\"\n            \/><\/a>\n            <a href=\"http:\/\/dits.hr\/wp-content\/gallery\/kapela-sv-ane-s-kalvarijom\/d_9_kapela_sv_ane-2.JPG\"\n           title=\" \"\n           data-image-id='215'\n           class=\"ngg-fancybox\" rel=\"e3833bd70ed2972cd3953ff77ec1774a\"           ><img loading=\"lazy\" decoding=\"async\" title=\"d_9_kapela_sv_ane (2)\"\n                 alt=\"d_9_kapela_sv_ane (2)\"\n                 src=\"http:\/\/dits.hr\/wp-content\/gallery\/kapela-sv-ane-s-kalvarijom\/thumbs\/thumbs_d_9_kapela_sv_ane-2.JPG\"\n                 width=\"150\"\n                 height=\"100\"\n            \/><\/a>\n            <a href=\"http:\/\/dits.hr\/wp-content\/gallery\/kapela-sv-ane-s-kalvarijom\/d_9_kapela_sv_ane-3.JPG\"\n           title=\" \"\n           data-image-id='216'\n           class=\"ngg-fancybox\" rel=\"e3833bd70ed2972cd3953ff77ec1774a\"           ><img loading=\"lazy\" decoding=\"async\" title=\"d_9_kapela_sv_ane (3)\"\n                 alt=\"d_9_kapela_sv_ane (3)\"\n                 src=\"http:\/\/dits.hr\/wp-content\/gallery\/kapela-sv-ane-s-kalvarijom\/thumbs\/thumbs_d_9_kapela_sv_ane-3.JPG\"\n                 width=\"150\"\n                 height=\"100\"\n            \/><\/a>\n            <a href=\"http:\/\/dits.hr\/wp-content\/gallery\/kapela-sv-ane-s-kalvarijom\/d_9_kapela_sv_ane.jpg\"\n           title=\" \"\n           data-image-id='218'\n           class=\"ngg-fancybox\" rel=\"e3833bd70ed2972cd3953ff77ec1774a\"           ><img loading=\"lazy\" decoding=\"async\" title=\"d_9_kapela_sv_ane\"\n                 alt=\"d_9_kapela_sv_ane\"\n                 src=\"http:\/\/dits.hr\/wp-content\/gallery\/kapela-sv-ane-s-kalvarijom\/thumbs\/thumbs_d_9_kapela_sv_ane.jpg\"\n                 width=\"150\"\n                 height=\"100\"\n            \/><\/a>\n            <a href=\"http:\/\/dits.hr\/wp-content\/gallery\/11-kljet-ulica-sv-ane\/d_11_klijet_his_ul_sv_ane.JPG\"\n           title=\" \"\n           data-image-id='224'\n           class=\"ngg-fancybox\" rel=\"e3833bd70ed2972cd3953ff77ec1774a\"           ><img loading=\"lazy\" decoding=\"async\" title=\"d_11_klijet_his_ul_sv_ane\"\n                 alt=\"d_11_klijet_his_ul_sv_ane\"\n                 src=\"http:\/\/dits.hr\/wp-content\/gallery\/11-kljet-ulica-sv-ane\/thumbs\/thumbs_d_11_klijet_his_ul_sv_ane.JPG\"\n                 width=\"150\"\n                 height=\"100\"\n            \/><\/a>\n            <a href=\"http:\/\/dits.hr\/wp-content\/gallery\/kovac-ulica-tina-ujevica\/d_13_tina_ujevica_17-3.JPG\"\n           title=\" \"\n           data-image-id='229'\n           class=\"ngg-fancybox\" rel=\"e3833bd70ed2972cd3953ff77ec1774a\"           ><img loading=\"lazy\" decoding=\"async\" title=\"d_13_tina_ujevica_17 (3)\"\n                 alt=\"d_13_tina_ujevica_17 (3)\"\n                 src=\"http:\/\/dits.hr\/wp-content\/gallery\/kovac-ulica-tina-ujevica\/thumbs\/thumbs_d_13_tina_ujevica_17-3.JPG\"\n                 width=\"150\"\n                 height=\"100\"\n            \/><\/a>\n            <a href=\"http:\/\/dits.hr\/wp-content\/gallery\/titova-kuca\/d_12_titova_kuca-1.JPG\"\n           title=\" \"\n           data-image-id='225'\n           class=\"ngg-fancybox\" rel=\"e3833bd70ed2972cd3953ff77ec1774a\"           ><img loading=\"lazy\" decoding=\"async\" title=\"d_12_titova_kuca (1)\"\n                 alt=\"d_12_titova_kuca (1)\"\n                 src=\"http:\/\/dits.hr\/wp-content\/gallery\/titova-kuca\/thumbs\/thumbs_d_12_titova_kuca-1.JPG\"\n                 width=\"150\"\n                 height=\"100\"\n            \/><\/a>\n    <\/div>\n\n<\/div><\/div><\/div><\/div><\/div>","protected":false},"excerpt":{"rendered":"<p>&nbsp; D1 Gradsko groblje Samobor D2 Spomenik Ivanu Perkovcu, Gradsko groblje D3 Stambena ku\u0107a Kapu\u0161in, Jurjevska D4 Stambena ku\u0107a, Jurjevska 6 D5 Vila Weiss, Kukuljevi\u0107eva 5 D6 Ljetnikovac \u0160agovac, Giznik D7 Park Anin dol D8 Spomenik osnivanju KPH, Park Ann dol D9 Kapela sv. Ane s kalvarijom, Park Anin dol D10 Kapela sv. Jurja, Park [&hellip;]<\/p>\n","protected":false},"author":1,"featured_media":0,"parent":350,"menu_order":0,"comment_status":"closed","ping_status":"closed","template":"","meta":{"footnotes":""},"class_list":["post-358","page","type-page","status-publish","hentry","post"],"_links":{"self":[{"href":"http:\/\/dits.hr\/index.php?rest_route=\/wp\/v2\/pages\/358","targetHints":{"allow":["GET"]}}],"collection":[{"href":"http:\/\/dits.hr\/index.php?rest_route=\/wp\/v2\/pages"}],"about":[{"href":"http:\/\/dits.hr\/index.php?rest_route=\/wp\/v2\/types\/page"}],"author":[{"embeddable":true,"href":"http:\/\/dits.hr\/index.php?rest_route=\/wp\/v2\/users\/1"}],"replies":[{"embeddable":true,"href":"http:\/\/dits.hr\/index.php?rest_route=%2Fwp%2Fv2%2Fcomments&post=358"}],"version-history":[{"count":10,"href":"http:\/\/dits.hr\/index.php?rest_route=\/wp\/v2\/pages\/358\/revisions"}],"predecessor-version":[{"id":2456,"href":"http:\/\/dits.hr\/index.php?rest_route=\/wp\/v2\/pages\/358\/revisions\/2456"}],"up":[{"embeddable":true,"href":"http:\/\/dits.hr\/index.php?rest_route=\/wp\/v2\/pages\/350"}],"wp:attachment":[{"href":"http:\/\/dits.hr\/index.php?rest_route=%2Fwp%2Fv2%2Fmedia&parent=358"}],"curies":[{"name":"wp","href":"https:\/\/api.w.org\/{rel}","templated":true}]}}