{"id":356,"date":"2016-10-16T10:06:03","date_gmt":"2016-10-16T08:06:03","guid":{"rendered":"http:\/\/dits.hr\/?page_id=356"},"modified":"2017-04-24T18:43:37","modified_gmt":"2017-04-24T16:43:37","slug":"skupina-c","status":"publish","type":"page","link":"http:\/\/dits.hr\/?page_id=356","title":{"rendered":"<body lang=HR style='tab-interval:35.4pt'>  <div class=WordSection1>  <p class=MsoNormal align=center style='text-align:center;background:#D8A48A'> \t<span style='font-size:16.0pt;line-height:106%;font-family:\"Helvetica\",sans-serif'>KARTA C<o:p><\/o:p><\/span><\/br> \t<span style='font-size:9.0pt;line-height:106%;font-family:\"Helvetica\",sans-serif;text-transform:capitalize'>Gajeva, J.Jela\u010di\u0107a, Grada Wirgesa<o:p><\/o:p><\/span> <\/p>  <\/div>  <\/body>  <\/html>"},"content":{"rendered":"<div id=\"pl-356\"><div class=\"panel-grid\" id=\"pg-356-0\" ><div class=\"panel-grid-cell\" id=\"pgc-356-0-0\" ><div class=\"so-panel widget widget_sow-editor panel-first-child panel-last-child\" id=\"panel-356-0-0-0\" data-index=\"0\"><div class=\"so-widget-sow-editor so-widget-sow-editor-base\">\n<div class=\"siteorigin-widget-tinymce textwidget\">\n\t<p><!-- This imagemap inserted by Gwyn's Imagemap Selector http:\/\/gwynethllewelyn.net\/gwyns-imagemap-selector\/ --><br \/>\n<img src='http:\/\/dits.hr\/wp-content\/uploads\/2016\/11\/Karta-C-final1.png?1478442417258' usemap='#imgmap_css_container_imgmap2016116152643' class='gwyn-image' alt='Imagemap alt' id='img-imgmap2016116152643' \/><\/p>\n<map id='imgmap2016116152643' name='imgmap_css_container_imgmap2016116152643'>\n<area shape=\"rect\" coords=\"27,207,88,268\" href=\"http:\/\/dits.hr\/?page_id=624\" alt=\"Kurija Reiser\" title=\"Kurija Reiser\" target=\"_self\" class=\"imgmap2016116152643-area\" id=\"imgmap2016116152643-area-0\" \/>\n<area shape=\"rect\" coords=\"127,156,176,206\" href=\"http:\/\/dits.hr\/?page_id=630\" alt=\"Dje\u010dji vrti\u0107 Grigor Vitez\" title=\"Dje\u010dji vrti\u0107 Grigor Vitez\" target=\"_self\" class=\"imgmap2016116152643-area\" id=\"imgmap2016116152643-area-1\" \/>\n<area shape=\"rect\" coords=\"36,136,88,188\" href=\"http:\/\/dits.hr\/?page_id=626\" alt=\"Dom narodng zdravlja\" title=\"Dom narodng zdravlja\" target=\"_self\" class=\"imgmap2016116152643-area\" id=\"imgmap2016116152643-area-2\" \/>\n<area shape=\"rect\" coords=\"148,20,191,61\" href=\"http:\/\/dits.hr\/?page_id=628\" alt=\"Ljetnikovac Klju\u010di\" title=\"Ljetnikovac Klju\u010di\" target=\"_self\" class=\"imgmap2016116152643-area\" id=\"imgmap2016116152643-area-3\" \/>\n<area shape=\"rect\" coords=\"339,89,397,139\" href=\"http:\/\/dits.hr\/?page_id=632\" alt=\"Ku\u0107a Raheli\u0107\" title=\"Ku\u0107a Raheli\u0107\" target=\"_self\" class=\"imgmap2016116152643-area\" id=\"imgmap2016116152643-area-4\" \/>\n<area shape=\"rect\" coords=\"447,245,489,284\" href=\"http:\/\/dits.hr\/?page_id=645\" alt=\"Servisni centar Puri\u0107\" title=\"Servisni centar Puri\u0107\" target=\"_self\" class=\"imgmap2016116152643-area\" id=\"imgmap2016116152643-area-5\" \/>\n<area shape=\"rect\" coords=\"645,142,677,187\" href=\"http:\/\/dits.hr\/?page_id=634\" alt=\"Kapela Sv. Helene\" title=\"Kapela Sv. Helene\" target=\"_self\" class=\"imgmap2016116152643-area\" id=\"imgmap2016116152643-area-6\" \/>\n<area shape=\"rect\" coords=\"687,61,727,117\" href=\"http:\/\/dits.hr\/?page_id=636\" alt=\"Kurija Bu\u010dar\" title=\"Kurija Bu\u010dar\" target=\"_self\" class=\"imgmap2016116152643-area\" id=\"imgmap2016116152643-area-7\" \/>\n<area shape=\"rect\" coords=\"988,91,1030,138\" href=\"http:\/\/dits.hr\/?page_id=638\" alt=\"Stambeni nizovi\" title=\"Stambeni nizovi\" target=\"_self\" class=\"imgmap2016116152643-area\" id=\"imgmap2016116152643-area-8\" \/>\n<area shape=\"rect\" coords=\"1105,31,1147,80\" href=\"http:\/\/dits.hr\/?page_id=640\" alt=\"Kurija Bisterc\" title=\"Kurija Bisterc\" target=\"_self\" class=\"imgmap2016116152643-area\" id=\"imgmap2016116152643-area-9\" \/>\n<area shape=\"rect\" coords=\"1078,154,1163,195\" href=\"http:\/\/dits.hr\/?page_id=642\" alt=\"Balagovi Dvori\" title=\"Balagovi Dvori\" target=\"_self\" class=\"imgmap2016116152643-area\" id=\"imgmap2016116152643-area-10\" \/>\n<\/map>\n<\/div>\n<\/div><\/div><\/div><\/div><div class=\"panel-grid\" id=\"pg-356-1\" ><div class=\"panel-grid-cell\" id=\"pgc-356-1-0\" ><div class=\"so-panel widget widget_sow-editor panel-first-child panel-last-child\" id=\"panel-356-1-0-0\" data-index=\"1\"><div class=\"so-widget-sow-editor so-widget-sow-editor-base\">\n<div class=\"siteorigin-widget-tinymce textwidget\">\n\t<p>&nbsp;<\/p>\n<p>&nbsp;<\/p>\n<p><span style=\"font-family: helvetica,arial,sans-serif; font-size: 14pt; color: #000000;\"><a style=\"color: #000000;\" href=\"http:\/\/dits.hr\/?page_id=624\">C1&nbsp;&nbsp; Kurija Reiser, Gajeva<\/a><\/span><br \/>\n<span style=\"font-family: helvetica,arial,sans-serif; font-size: 14pt; color: #000000;\"> <a style=\"color: #000000;\" href=\"http:\/\/dits.hr\/?page_id=626\">C2&nbsp;&nbsp; Dom narodnog zdravlja<\/a><\/span><br \/>\n<span style=\"font-family: helvetica,arial,sans-serif; font-size: 14pt; color: #000000;\"> <a style=\"color: #000000;\" href=\"http:\/\/dits.hr\/?page_id=628\">C3&nbsp;&nbsp; Ljetnikovac Klju\u010di, Vukasovi\u0107eva 19<\/a><\/span><br \/>\n<span style=\"font-family: helvetica,arial,sans-serif; font-size: 14pt; color: #000000;\"> <a style=\"color: #000000;\" href=\"http:\/\/dits.hr\/?page_id=630\">C4&nbsp;&nbsp; Dje\u010dji vrti\u0107 \"Grigor Vitez\"<\/a><\/span><br \/>\n<span style=\"font-family: helvetica,arial,sans-serif; font-size: 14pt; color: #000000;\"> <a style=\"color: #000000;\" href=\"http:\/\/dits.hr\/?page_id=632\">C5&nbsp;&nbsp; Obiteljska ku\u0107a Kodri\u0107, J. Jela\u010di\u0107a<\/a><\/span><br \/>\n<span style=\"font-family: helvetica,arial,sans-serif; font-size: 14pt; color: #000000;\"> <a style=\"color: #000000;\" href=\"http:\/\/dits.hr\/?page_id=634\">C6&nbsp;&nbsp; Kapela sv. Helene, Sv. Helena<\/a><\/span><br \/>\n<span style=\"font-family: helvetica,arial,sans-serif; font-size: 14pt; color: #000000;\"> <a style=\"color: #000000;\" href=\"http:\/\/dits.hr\/?page_id=636\">C7&nbsp;&nbsp; Kurija Bu\u010dar, J. Jela\u010di\u0107a 117<\/a><\/span><br \/>\n<span style=\"font-family: helvetica,arial,sans-serif; font-size: 14pt; color: #000000;\"> <a style=\"color: #000000;\" href=\"http:\/\/dits.hr\/?page_id=638\">C8&nbsp;&nbsp; Stambeni nizovi , Bogovi\u0107eva<\/a><\/span><br \/>\n<span style=\"font-family: helvetica,arial,sans-serif; font-size: 14pt; color: #000000;\"> <a style=\"color: #000000;\" href=\"http:\/\/dits.hr\/?page_id=640\">C9&nbsp;&nbsp; Kurija Bistrac, J. Jela\u010di\u0107a 34, 32<\/a><\/span><br \/>\n<span style=\"font-family: helvetica,arial,sans-serif; font-size: 14pt; color: #000000;\"> <a style=\"color: #000000;\" href=\"http:\/\/dits.hr\/?page_id=642\">C10 &nbsp; Balagovi dvori, Lug samoborski<\/a><\/span><br \/>\n<span style=\"font-family: helvetica,arial,sans-serif; font-size: 14pt; color: #000000;\"> <a style=\"color: #000000;\" href=\"http:\/\/dits.hr\/?page_id=645\">C11&nbsp;&nbsp; Servisno-prodajni centar \"Puri\u0107<\/a><\/span><\/p>\n<\/div>\n<\/div><\/div><\/div><div class=\"panel-grid-cell\" id=\"pgc-356-1-1\" ><div class=\"so-panel widget widget_ngg-images ngg_images panel-first-child panel-last-child\" id=\"panel-356-1-1-0\" data-index=\"2\"><div class=\"hslice\" id=\"ngg-webslice\"><h3 class=\"entry-title widget-title\">&nbsp;<\/h3><div class=\"ngg-widget entry-content\">\n            <a href=\"http:\/\/dits.hr\/wp-content\/gallery\/dom-narodnog-zdravlja\/c_2_dom_zdravlja-9.JPG\"\n           title=\" \"\n           data-image-id='161'\n           class=\"ngg-fancybox\" rel=\"ad025031be0ea446ce7109743e484a1b\"           ><img loading=\"lazy\" decoding=\"async\" title=\"c_2_dom_zdravlja (9)\"\n                 alt=\"c_2_dom_zdravlja (9)\"\n                 src=\"http:\/\/dits.hr\/wp-content\/gallery\/dom-narodnog-zdravlja\/thumbs\/thumbs_c_2_dom_zdravlja-9.JPG\"\n                 width=\"120\"\n                 height=\"75\"\n            \/><\/a>\n            <a href=\"http:\/\/dits.hr\/wp-content\/gallery\/dom-narodnog-zdravlja\/c_2_dom_zdravlja-10.JPG\"\n           title=\" \"\n           data-image-id='162'\n           class=\"ngg-fancybox\" rel=\"ad025031be0ea446ce7109743e484a1b\"           ><img loading=\"lazy\" decoding=\"async\" title=\"c_2_dom_zdravlja (10)\"\n                 alt=\"c_2_dom_zdravlja (10)\"\n                 src=\"http:\/\/dits.hr\/wp-content\/gallery\/dom-narodnog-zdravlja\/thumbs\/thumbs_c_2_dom_zdravlja-10.JPG\"\n                 width=\"120\"\n                 height=\"75\"\n            \/><\/a>\n            <a href=\"http:\/\/dits.hr\/wp-content\/gallery\/djecji-vrtic-grigor-vitez\/c_4_djecji_vrtic_preradoviceva_16-1.JPG\"\n           title=\" \"\n           data-image-id='166'\n           class=\"ngg-fancybox\" rel=\"ad025031be0ea446ce7109743e484a1b\"           ><img loading=\"lazy\" decoding=\"async\" title=\"c_4_djecji_vrtic_preradoviceva_16 (1)\"\n                 alt=\"c_4_djecji_vrtic_preradoviceva_16 (1)\"\n                 src=\"http:\/\/dits.hr\/wp-content\/gallery\/djecji-vrtic-grigor-vitez\/thumbs\/thumbs_c_4_djecji_vrtic_preradoviceva_16-1.JPG\"\n                 width=\"120\"\n                 height=\"75\"\n            \/><\/a>\n            <a href=\"http:\/\/dits.hr\/wp-content\/gallery\/obiteljska-kuca-rahelic\/c_5_j_jelacica_55.JPG\"\n           title=\" \"\n           data-image-id='169'\n           class=\"ngg-fancybox\" rel=\"ad025031be0ea446ce7109743e484a1b\"           ><img loading=\"lazy\" decoding=\"async\" title=\"c_5_j_jelacica_55\"\n                 alt=\"c_5_j_jelacica_55\"\n                 src=\"http:\/\/dits.hr\/wp-content\/gallery\/obiteljska-kuca-rahelic\/thumbs\/thumbs_c_5_j_jelacica_55.JPG\"\n                 width=\"120\"\n                 height=\"75\"\n            \/><\/a>\n            <a href=\"http:\/\/dits.hr\/wp-content\/gallery\/kapela-sv-helene\/c_6_kapela_sv_helene-1.JPG\"\n           title=\" \"\n           data-image-id='170'\n           class=\"ngg-fancybox\" rel=\"ad025031be0ea446ce7109743e484a1b\"           ><img loading=\"lazy\" decoding=\"async\" title=\"c_6_kapela_sv_helene (1)\"\n                 alt=\"c_6_kapela_sv_helene (1)\"\n                 src=\"http:\/\/dits.hr\/wp-content\/gallery\/kapela-sv-helene\/thumbs\/thumbs_c_6_kapela_sv_helene-1.JPG\"\n                 width=\"120\"\n                 height=\"75\"\n            \/><\/a>\n            <a href=\"http:\/\/dits.hr\/wp-content\/gallery\/stambeni-nizovi\/C8-2.jpg\"\n           title=\" \"\n           data-image-id='462'\n           class=\"ngg-fancybox\" rel=\"ad025031be0ea446ce7109743e484a1b\"           ><img loading=\"lazy\" decoding=\"async\" title=\"C8-2\"\n                 alt=\"C8-2\"\n                 src=\"http:\/\/dits.hr\/wp-content\/gallery\/stambeni-nizovi\/thumbs\/thumbs_C8-2.jpg\"\n                 width=\"120\"\n                 height=\"75\"\n            \/><\/a>\n            <a href=\"http:\/\/dits.hr\/wp-content\/gallery\/stambeni-nizovi\/c8-a.jpg\"\n           title=\" \"\n           data-image-id='463'\n           class=\"ngg-fancybox\" rel=\"ad025031be0ea446ce7109743e484a1b\"           ><img loading=\"lazy\" decoding=\"async\" title=\"c8-a\"\n                 alt=\"c8-a\"\n                 src=\"http:\/\/dits.hr\/wp-content\/gallery\/stambeni-nizovi\/thumbs\/thumbs_c8-a.jpg\"\n                 width=\"120\"\n                 height=\"75\"\n            \/><\/a>\n            <a href=\"http:\/\/dits.hr\/wp-content\/gallery\/kurija-bistrac\/c_9_kurija_bistrac-3.JPG\"\n           title=\" \"\n           data-image-id='179'\n           class=\"ngg-fancybox\" rel=\"ad025031be0ea446ce7109743e484a1b\"           ><img loading=\"lazy\" decoding=\"async\" title=\"c_9_kurija_bistrac (3)\"\n                 alt=\"c_9_kurija_bistrac (3)\"\n                 src=\"http:\/\/dits.hr\/wp-content\/gallery\/kurija-bistrac\/thumbs\/thumbs_c_9_kurija_bistrac-3.JPG\"\n                 width=\"120\"\n                 height=\"75\"\n            \/><\/a>\n            <a href=\"http:\/\/dits.hr\/wp-content\/gallery\/balagovi-dvori\/c_10_balagovi_dvori-4.JPG\"\n           title=\" \"\n           data-image-id='185'\n           class=\"ngg-fancybox\" rel=\"ad025031be0ea446ce7109743e484a1b\"           ><img loading=\"lazy\" decoding=\"async\" title=\"c_10_balagovi_dvori (4)\"\n                 alt=\"c_10_balagovi_dvori (4)\"\n                 src=\"http:\/\/dits.hr\/wp-content\/gallery\/balagovi-dvori\/thumbs\/thumbs_c_10_balagovi_dvori-4.JPG\"\n                 width=\"120\"\n                 height=\"75\"\n            \/><\/a>\n    <\/div>\n\n<\/div><\/div><\/div><\/div><\/div>","protected":false},"excerpt":{"rendered":"<p>&nbsp; &nbsp; C1&nbsp;&nbsp; Kurija Reiser, Gajeva C2&nbsp;&nbsp; Dom narodnog zdravlja C3&nbsp;&nbsp; Ljetnikovac Klju\u010di, Vukasovi\u0107eva 19 C4&nbsp;&nbsp; Dje\u010dji vrti\u0107 &#8220;Grigor Vitez&#8221; C5&nbsp;&nbsp; Obiteljska ku\u0107a Kodri\u0107, J. Jela\u010di\u0107a C6&nbsp;&nbsp; Kapela sv. Helene, Sv. Helena C7&nbsp;&nbsp; Kurija Bu\u010dar, J. Jela\u010di\u0107a 117 C8&nbsp;&nbsp; Stambeni nizovi , Bogovi\u0107eva C9&nbsp;&nbsp; Kurija Bistrac, J. Jela\u010di\u0107a 34, 32 C10 &nbsp; Balagovi dvori, Lug [&hellip;]<\/p>\n","protected":false},"author":1,"featured_media":0,"parent":350,"menu_order":0,"comment_status":"closed","ping_status":"closed","template":"","meta":{"footnotes":""},"class_list":["post-356","page","type-page","status-publish","hentry","post"],"_links":{"self":[{"href":"http:\/\/dits.hr\/index.php?rest_route=\/wp\/v2\/pages\/356","targetHints":{"allow":["GET"]}}],"collection":[{"href":"http:\/\/dits.hr\/index.php?rest_route=\/wp\/v2\/pages"}],"about":[{"href":"http:\/\/dits.hr\/index.php?rest_route=\/wp\/v2\/types\/page"}],"author":[{"embeddable":true,"href":"http:\/\/dits.hr\/index.php?rest_route=\/wp\/v2\/users\/1"}],"replies":[{"embeddable":true,"href":"http:\/\/dits.hr\/index.php?rest_route=%2Fwp%2Fv2%2Fcomments&post=356"}],"version-history":[{"count":14,"href":"http:\/\/dits.hr\/index.php?rest_route=\/wp\/v2\/pages\/356\/revisions"}],"predecessor-version":[{"id":3122,"href":"http:\/\/dits.hr\/index.php?rest_route=\/wp\/v2\/pages\/356\/revisions\/3122"}],"up":[{"embeddable":true,"href":"http:\/\/dits.hr\/index.php?rest_route=\/wp\/v2\/pages\/350"}],"wp:attachment":[{"href":"http:\/\/dits.hr\/index.php?rest_route=%2Fwp%2Fv2%2Fmedia&parent=356"}],"curies":[{"name":"wp","href":"https:\/\/api.w.org\/{rel}","templated":true}]}}