{"id":34,"date":"2014-09-29T20:34:06","date_gmt":"2014-09-29T18:34:06","guid":{"rendered":"http:\/\/pubweb.carnet.hr\/dits\/?page_id=34"},"modified":"2025-01-09T11:31:21","modified_gmt":"2025-01-09T10:31:21","slug":"predavanja","status":"publish","type":"page","link":"http:\/\/dits.hr\/?page_id=34","title":{"rendered":"Predavanja i Seminari"},"content":{"rendered":"<ul>\n<li><a href=\"https:\/\/dits.hr\/?p=4483\">19.12.2024. Smotra tehni\u010dke kulture grada Samobora<\/a><\/li>\n<li><span style=\"font-family: helvetica, arial, sans-serif;\"><a href=\"https:\/\/dits.hr\/?p=4322\">13.2.2024. predavanje iz ciklusa Nemirna Zemlja 2, Ranjive podzemne vode i geohazard<\/a><\/span><\/li>\n<li><span style=\"font-family: helvetica, arial, sans-serif;\"><a href=\"https:\/\/dits.hr\/?p=4306\">9.1.2024. Predavanja prof. emeritusa Marijana Heraka i prof. dr. sci. Tomislava Ba\u0161i\u0107a u sklopu ciklusa Nemirna Zemlja 2&nbsp;<\/a><\/span><\/li>\n<li><span style=\"font-family: helvetica, arial, sans-serif;\"><a href=\"https:\/\/dits.hr\/?p=4256\">14.11.2023. Serija predavanja Dru\u0161tva in\u017eenjera i tehni\u010dara Grada Samobora Nemirna Zemlja 2<\/a><\/span><\/li>\n<li><span style=\"font-family: helvetica, arial, sans-serif;\"><a href=\"https:\/\/dits.hr\/?p=4287\">18.4.2023. PREDAVANJE \u201cSustav odvodnje u Samoboru danas i koncepcijapro\u010di\u0161\u0107avanja otpadnih voda\u201d<\/a><\/span><\/li>\n<li><span style=\"font-family: helvetica, arial, sans-serif;\"><a href=\"https:\/\/dits.hr\/?p=4278\">21.3.2023. Gra\u0111anski utorak na temu zbrinjavanja otpada<\/a><\/span><\/li>\n<li><span style=\"font-family: helvetica, arial, sans-serif;\"><a href=\"https:\/\/dits.hr\/?p=3822\">28.11.2018. Predstavljena knjiga Josipa Kumeri\u010dkog Svjedo\u010danstvo o odr\u017eivosti<\/a><\/span><\/li>\n<li><span style=\"font-size: 12pt; font-family: helvetica, arial, sans-serif;\"><a href=\"https:\/\/dits.hr\/?p=3706\">6.3.2018. DITS u Gradskoj vije\u0107nici predstavilo novi projekt \u2013 Ustava na Gradni.<\/a><\/span><\/li>\n<li><span style=\"font-family: helvetica, arial, sans-serif;\"><a href=\"http:\/\/dits.hr\/?p=3457\">22.11.2017 Predstavljen program \u201eZAGREB NA SAVI\u201c<\/a><\/span><\/li>\n<li><a href=\"http:\/\/dits.hr\/?p=3423\"><span style=\"font-family: helvetica, arial, sans-serif;\">24.10.2017 Stru\u010dno predavanje \u201cO izvorima Parka prirode \u017dumberak-Samoborsko gorje\u201d<\/span><\/a><\/li>\n<li><a href=\"http:\/\/dits.hr\/?p=3092\"><span style=\"font-family: helvetica, arial, sans-serif;\">14.3.2017 Stru\u010dno predavanje \u201cTlo-aktivni posrednik u okoli\u0161u\u201d<\/span><\/a><\/li>\n<li><span style=\"font-family: helvetica, arial, sans-serif;\"><a href=\"http:\/\/dits.hr\/?p=2769\">31.1.2017&nbsp;Stru\u010dno predavanje o geotermalnim vodama \u0160midhenovih toplica i njihovoj povijesti<\/a><\/span><\/li>\n<li><span style=\"font-family: helvetica, arial, sans-serif;\">25.2.2016 Predavanje &#8220;Bo\u017eja \u010destica&#8221;<\/span><\/li>\n<li><span style=\"font-family: helvetica, arial, sans-serif;\"><a href=\"http:\/\/dits.hr\/?p=296\">15.2.2016&nbsp;Odr\u017eano predavanje o utjecaju karlova\u010dkog odlagali\u0161ta otpada na kvalitetu voda<\/a><\/span><\/li>\n<li><span style=\"font-family: helvetica, arial, sans-serif;\"><a href=\"http:\/\/dits.hr\/?p=279\">25.1.2016&nbsp;Odr\u017eano predavanje &#8220;Iznena\u0111enja na crvenom Marsu i dalekom hladnom Plutonu&#8221;<\/a><\/span><\/li>\n<li><span style=\"font-family: helvetica, arial, sans-serif;\"><a href=\"http:\/\/dits.hr\/?p=165\">30.5.2015&nbsp;Cjelodnevna Lean Startup Radionica<\/a><\/span><\/li>\n<li><span style=\"font-family: helvetica, arial, sans-serif;\"><a href=\"http:\/\/dits.hr\/?p=110\">5.11.2014&nbsp;Lean Startup &#8211; Izazovi poduzetni\u0161tva 21. stolje\u0107a<\/a><\/span><\/li>\n<li><span style=\"font-family: helvetica, arial, sans-serif;\"><a href=\"http:\/\/dits.hr\/?p=15\">25.05.2013&nbsp;Predavanje &#8211; Energetika u zgradarstvu<\/a><\/span><\/li>\n<\/ul>\n","protected":false},"excerpt":{"rendered":"<p>19.12.2024. Smotra tehni\u010dke kulture grada Samobora 13.2.2024. predavanje iz ciklusa Nemirna Zemlja 2, Ranjive podzemne vode i geohazard 9.1.2024. Predavanja prof. emeritusa Marijana Heraka i prof. dr. sci. Tomislava Ba\u0161i\u0107a u sklopu ciklusa Nemirna Zemlja 2&nbsp; 14.11.2023. Serija predavanja Dru\u0161tva in\u017eenjera i tehni\u010dara Grada Samobora Nemirna Zemlja 2 18.4.2023. PREDAVANJE \u201cSustav odvodnje u Samoboru danas [&hellip;]<\/p>\n","protected":false},"author":1,"featured_media":0,"parent":2652,"menu_order":0,"comment_status":"closed","ping_status":"closed","template":"","meta":{"footnotes":""},"class_list":["post-34","page","type-page","status-publish","hentry","post"],"_links":{"self":[{"href":"http:\/\/dits.hr\/index.php?rest_route=\/wp\/v2\/pages\/34","targetHints":{"allow":["GET"]}}],"collection":[{"href":"http:\/\/dits.hr\/index.php?rest_route=\/wp\/v2\/pages"}],"about":[{"href":"http:\/\/dits.hr\/index.php?rest_route=\/wp\/v2\/types\/page"}],"author":[{"embeddable":true,"href":"http:\/\/dits.hr\/index.php?rest_route=\/wp\/v2\/users\/1"}],"replies":[{"embeddable":true,"href":"http:\/\/dits.hr\/index.php?rest_route=%2Fwp%2Fv2%2Fcomments&post=34"}],"version-history":[{"count":14,"href":"http:\/\/dits.hr\/index.php?rest_route=\/wp\/v2\/pages\/34\/revisions"}],"predecessor-version":[{"id":4527,"href":"http:\/\/dits.hr\/index.php?rest_route=\/wp\/v2\/pages\/34\/revisions\/4527"}],"up":[{"embeddable":true,"href":"http:\/\/dits.hr\/index.php?rest_route=\/wp\/v2\/pages\/2652"}],"wp:attachment":[{"href":"http:\/\/dits.hr\/index.php?rest_route=%2Fwp%2Fv2%2Fmedia&parent=34"}],"curies":[{"name":"wp","href":"https:\/\/api.w.org\/{rel}","templated":true}]}}