{"id":2740,"date":"2017-01-31T21:29:12","date_gmt":"2017-01-31T20:29:12","guid":{"rendered":"http:\/\/dits.hr\/?page_id=2740"},"modified":"2024-05-01T20:41:14","modified_gmt":"2024-05-01T18:41:14","slug":"vodic-arhitekture-samobora-i-okruzenja-2003","status":"publish","type":"page","link":"http:\/\/dits.hr\/?page_id=2740","title":{"rendered":"Sun\u010dani sat u Samoboru"},"content":{"rendered":"<p><span style=\"font-family: georgia, palatino, serif; font-size: 12pt;\">Povodom obilje\u017eavanja 20. obljetnice djelovanja Dru\u0161tva in\u017eenjera i tehni\u010dara grada Samobora pokrenut je 2014. godine \u00a0jo\u0161 jedan zanimljiv projekt pod nazivom \u201eSun\u010dani sat u Samoboru\u201c.<\/span><\/p>\n<p><span style=\"font-family: georgia, palatino, serif; font-size: 12pt;\">Projekt je ujedno i logi\u010dan nastavak prija\u0161njih projekata DITS-a kao \u0161to su:<\/span><\/p>\n<ul>\n<li><span style=\"font-family: georgia, palatino, serif; font-size: 12pt;\">obnova kamenog stupa \u2013 pila iz 1893. godine u mjestu Gabrovica nedaleko od Samobora<\/span><\/li>\n<li><span style=\"font-family: georgia, palatino, serif; font-size: 12pt;\">izgradnja Vidikovca na brdu Tepec na mjestu stare piramide<\/span><\/li>\n<li><span style=\"font-family: georgia, palatino, serif; font-size: 12pt;\">meteorolo\u0161ki stup na Trgu Matice hrvatske u<\/span><\/li>\n<\/ul>\n<p><span style=\"font-family: georgia, palatino, serif; font-size: 12pt;\">Svi dosada\u0161nji projekti su nastali volonterskim radom \u010dlanova DITS-a, suradnjom s Gradom Samoborom, te iznimnim doprinosom gra\u0111ana i poslovnih subjekata Grada Samobora.<\/span><\/p>\n<p><span style=\"font-family: georgia, palatino, serif; font-size: 12pt;\">Svi dosada\u0161nji projekti predani su na kori\u0161tenje gradu Samoboru kao javna dobra dostupna svima bez naknade, a koja slobodno koriste i gra\u0111ani i zainteresirani posjetitelji. Dosada\u0161nji projekti ujedno su dio tehni\u010dkog i kulturno-povijesnog naslje\u0111a koje ostavljamo idu\u0107im generacijama. Na tragovima ovih promi\u0161ljanja nastao je i projekt \u201eSun\u010dani sat u Samoboru\u201c.<\/span><\/p>\n<p><span style=\"font-family: georgia, palatino, serif; font-size: 12pt;\">Inicijator projekta bio \u00a0je Robert Obraz, \u00a0univ. spec. oec. MBA, tajnik DITS -a.<\/span><\/p>\n<p><span style=\"font-family: georgia, palatino, serif; font-size: 12pt;\"><strong>\u00a0<\/strong><strong>\u0160to je to sun\u010dani sat?<\/strong><\/span><\/p>\n<p><span style=\"font-family: georgia, palatino, serif; font-size: 12pt;\"><strong>\u00a0<\/strong>Sun\u010dani sat je anti\u010dka astronomska naprava, mo\u017eemo slobodno re\u0107i i prvi znanstveni instrument, kojom se prati kretanje nama najbli\u017ee zvijezde, Sunca, po nebeskoj sferi. Sunce se, u odnosu na Zemlju, giba relativno te gledaju\u0107i iz perspektive promatra\u010da na Zemlji, tijekom jedne godine mijenja visinu svoje putanje po ju\u017enom dijelu nebeske sfere. Najstariji sun\u010dani sat, poznat iz arheolo\u0161kih bilje\u0161ki, nalazi se kod prolaza grobnice Knowth u Irskoj (5000. pr.Kr.), a najpoznatiji stari sun\u010dani satovi su obelisci (3500.pr.Kr.) te razli\u010dite konstrukcije sun\u010danih satova iz drevnog Egipta i Babilona (1500. pr.Kr.).<\/span><\/p>\n<p><span style=\"font-family: georgia, palatino, serif; font-size: 12pt;\"><strong>\u00a0<\/strong><strong>Koji su glavni dijelovi sun\u010danog sata?<\/strong><\/span><\/p>\n<p><span style=\"font-family: georgia, palatino, serif; font-size: 12pt;\"><strong>\u00a0<\/strong>Glavni dijelovi svakog sun\u010danog sata su: broj\u010danik, koji pokazuje dijelove dana (sate) te \u0161tap koji se jo\u0161 stru\u010dno naziva gnomon. Dok pojam gnomon dolazi iz gr\u010dkog jezika i prevodi se kao pokaziva\u010d, hrvatski jezik ima jednu lijepu prikladnu rije\u010d, a to je sjenomjer. Sjena pokaziva\u010da (gnomon) prikazuje koliko je sati.<\/span><\/p>\n<p><span style=\"font-family: georgia, palatino, serif; font-size: 12pt;\"><strong>Kako funkcionira sun\u010dani sat u Samoboru?<\/strong><\/span><\/p>\n<p><span style=\"font-family: georgia, palatino, serif; font-size: 12pt;\"><strong>\u00a0<\/strong>Sun\u010dani sat u Samoboru sastoji se od dva sun\u010dana sata: horizontalnog i vertikalnog. Horizontalni sun\u010dani sat je analemati\u010dkog tipa na kojem korisnici sun\u010danog sata mogu saznati pravo sun\u010devo vrijeme pomo\u0107u sjene svoga tijela na elipti\u010dnoj satnoj skali. Na tlu su nacrtani kvadrati s mjesecima u godini koji upu\u0107uju da osoba mora stati na, za svaki mjesec u godini, odre\u0111eno mjesto datumske skale. Polo\u017eajem sjene tijela o\u010ditava se to\u010dno sun\u010devo vrijeme.<\/span><\/p>\n<p><span style=\"font-family: georgia, palatino, serif; font-size: 12pt;\">Vertikalni sun\u010dani sat, u konstrukcijskoj izvedbi samoborskog sun\u010danog sata, smje\u0161ten je okomito (pod kutom od 90\u00ba) na ravninu horizontalnog sun\u010danog sata, a orijentiran je u smjeru sjever-jug. Budu\u0107i da su za ovaj sat izra\u0111ene precizne astronomske kalkulacije, kako za horizontalni tako i za vertikalni sun\u010dani sat, samoborski sun\u010dani sat \u0107e pokazivati to\u010dno vrijeme s odstupanjem do \u00b1 5 minuta.<\/span><\/p>\n<p><span style=\"font-family: georgia, palatino, serif; font-size: 12pt;\"><strong>Kako je odabrana lokacija sun\u010danog sata?<\/strong><\/span><\/p>\n<p><span style=\"font-family: georgia, palatino, serif; font-size: 12pt;\"><strong>\u00a0<\/strong>Lokacija za sun\u010dani sat pa\u017eljivo je odabrana na na\u010din da su u preliminarnom dijelu projekta odabrane \u010detiri potencijalne lokacije u Samoboru.<\/span><\/p>\n<p><span style=\"font-family: georgia, palatino, serif; font-size: 12pt;\">Lokacija sun\u010danog sata mora zadovoljavati minimalne uvjete kako bi sun\u010dani sat ispravno funkcionirao, stoga je bilo potrebno obratiti pozornost na sljede\u0107e zna\u010dajke lokacije: otvorenost i pristup potencijalnoj lokaciji, dostupnost pje\u0161acima, dovoljna udaljenost od prometnica, dovoljna udaljenost od visokog drve\u0107a i visokih zgrada, kako njihova sjena ne bi ometala funkcije sun\u010danog sata, te osvijetljenost potencijalne lokacije Suncem, kroz cijelu godinu.<\/span><\/p>\n<p><span style=\"font-family: georgia, palatino, serif; font-size: 12pt;\">Za odabir lokacije formiran je tim \u010dlanova DITS-a koji su tijekom prolje\u0107a, ljeta i jeseni 2014. godine obilazili i fotografirali potencijalne lokacije te prikupljali relevantne podatke koji \u0107e pomo\u0107i u odabiru optimalne lokacije za izgradnju sun\u010danog sata. Krajem listopada 2014. godine, sastao se tim \u010dlanova i Izvr\u0161ni odbor DITS-a te je provedena validacija i verifikacija podataka o svim lokacijama. Na kraju, argumentirano je odabrana lokacija na \u0161etnici uz potok Gradna.<\/span><\/p>\n<p><span style=\"font-family: georgia, palatino, serif; font-size: 12pt;\"><strong>Kako je financirana izgradnja Sun\u010danog sata?<\/strong><\/span><\/p>\n<p><span style=\"font-family: georgia, palatino, serif; font-size: 12pt;\"><strong>\u00a0<\/strong>Izgradnja Sun\u010danog sata financirana je donacijama i volonterskim radom \u010dlanova Dru\u0161tva. Zemlji\u0161te na kojem je izgra\u0111en sun\u010dani sat (k\u010d.br. 3374\/2, k.o. Samobor) ,u gradskom je vlasni\u0161tvu, a za njegovu izgradnju dobiveno je odobrenje gradona\u010delnika Samobora Kre\u0161imira Beljaka.<\/span><\/p>\n<p><span style=\"font-family: georgia, palatino, serif; font-size: 12pt;\">Dobivena su i financijska sredstva za izgradnju sun\u010danog sata od Zajednice tehni\u010dke kulture Zagreba\u010dke \u017eupanije, a manji dio financijskih sredstava prikupljen je od \u010dlanova i prijatelja DITS-a. \u010clanovi DITS-a i suradnici na projektu utro\u0161ili su preko 1.000 radnih sati.<\/span><\/p>\n<p><span style=\"font-family: georgia, palatino, serif; font-size: 12pt;\">Ukupna vrijednost Sun\u010danog sata iznosi 150.00 Kuna.<\/span><\/p>\n<p><span style=\"font-family: georgia, palatino, serif; font-size: 12pt;\"><strong>Tko je radio na projektu Sun\u010dani sat u Samoboru?<\/strong><\/span><\/p>\n<p><span style=\"font-family: georgia, palatino, serif; font-size: 12pt;\"><strong>\u00a0<\/strong>Ideju za pokretanje projekta \u201cSun\u010dani sat u Samoboru\u201c, dao je Robert Obraz, tajnik DITSa.<\/span><\/p>\n<p><span style=\"font-family: georgia, palatino, serif; font-size: 12pt;\">Idejno rje\u0161enje i glavni projekt Sun\u010danog sata izradio je \u0110uro Kova\u010di\u0107, dipl. ing. arh., astronomske (polo\u017eajne)\u00a0 kalkulacije\u00a0 za Sun\u010dani sat izradili su Robert Obraz i Slaven Li\u010dina kao vanjski suradnik na projektu.<\/span><\/p>\n<p><span style=\"font-family: georgia, palatino, serif; font-size: 12pt;\">Prikupljanje potrebnih suglasnosti i dozvole za postavljanje Sun\u010danog sata obavio je Stjepan \u010crnjak, dipl. ing. gra\u0111. koji je vodio izgradnju i koordinaciju svih izvo\u0111a\u010da radova.<\/span><\/p>\n<p><span style=\"font-family: georgia, palatino, serif; font-size: 12pt;\">U realizaciji izgradnje Sun\u010danog sata kao donatori Sun\u010danog sata sudjelovali su:<\/span><\/p>\n<ul>\n<li><span style=\"font-family: georgia, palatino, serif; font-size: 12pt;\">Trasirka d.o.o. \u2013 geodetski radovi<\/span><\/li>\n<li><span style=\"font-family: georgia, palatino, serif; font-size: 12pt;\">AS Floor d.o.o. \u2013 gra\u0111evinski radovi<\/span><\/li>\n<li><span style=\"font-family: georgia, palatino, serif; font-size: 12pt;\">Re\u0161etar gradnja \u2013 gra\u0111evinski radovi<\/span><\/li>\n<li><span style=\"font-family: georgia, palatino, serif; font-size: 12pt;\">Gabrijel &#8211; kop &#8211; prijevozi<\/span><\/li>\n<li><span style=\"font-family: georgia, palatino, serif; font-size: 12pt;\">Klesarstvo Jerbi\u0107 \u2013 kamenoreza\u010dki radovi<\/span><\/li>\n<li><span style=\"font-family: georgia, palatino, serif; font-size: 12pt;\">Stolarija Andra\u0161ek \u2013 stolarski radovi<\/span><\/li>\n<li><span style=\"font-family: georgia, palatino, serif; font-size: 12pt;\">Sampos d.o.o. &#8211; izvedba akrilne plo\u010de<\/span><\/li>\n<li><span style=\"font-family: georgia, palatino, serif; font-size: 12pt;\">Cromatec d.o.o. \u2013 Al konstrukcija<\/span><\/li>\n<li><span style=\"font-family: georgia, palatino, serif; font-size: 12pt;\">Ivekovi\u0107 TZM \u2013 za\u0161tita Al konstrukcije<\/span><\/li>\n<li><span style=\"font-family: georgia, palatino, serif; font-size: 12pt;\">Samoborka d.o.o. &#8211; gra\u0111evinski materijali<\/span><\/li>\n<li><span style=\"font-family: georgia, palatino, serif; font-size: 12pt;\">Mapei Croatia d.o.o. \u2013 gra\u0111evinski materijali<\/span><\/li>\n<\/ul>\n<p><span style=\"font-family: georgia, palatino, serif; font-size: 12pt;\">Realizaciju izgradnje Sun\u010danog sata nov\u010danim su donacijama sudjelovali:<\/span><\/p>\n<p><span style=\"font-family: georgia, palatino, serif; font-size: 12pt;\">Ivan Grgi\u0107, Sanjin Mahovi\u0107, Franjo Lamot, Dra\u017een Lokmer, Ante Radas, Stjepan \u010crnjak, Jasenka Bi\u0161\u0107an, Antun Bi\u0161\u0107an, Adolf Paar, Franjo \u0160vari\u0107, Dragutin Lokmer, Branko Kolarek, Vlado Herceg, Mladen Duda\u0161, Ivan Dolenac, Marija \u017ditkovi\u0107, Robert Obraz, Josip Kumeri\u010dki<\/span><\/p>\n<p><span style=\"font-family: georgia, palatino, serif; font-size: 12pt;\">Zahvaljujemo svim donatorima koji su svojim neposrednim radom na ovom objektu, doniranim materijalom i nov\u010dano omogu\u0107ili ostvarenje projekta Sun\u010dani sat u Samoboru.<\/span><\/p>\n<p><span style=\"font-family: georgia, palatino, serif; font-size: 12pt;\">Sun\u010dani sat sve\u010dano je kao dar gra\u0111anima i Gradu Samoboru predan na kori\u0161tenje 16. listopada 2015. godine, povodom 20. godi\u0161njice rada i djelovanja DITS-a, a u sklopu proslave Dana Grada Samobora.<\/span><\/p>\n<p><span style=\"font-family: georgia, palatino, serif; font-size: 12pt;\">Na kamenoj plo\u010di pored klupe ugravirano je:<\/span><\/p>\n<p><span style=\"font-family: georgia, palatino, serif; font-size: 12pt;\"><em>Povodom 20. obljetnice svojega djelovanja<\/em><\/span><\/p>\n<p><span style=\"font-family: georgia, palatino, serif; font-size: 12pt;\"><em>Dru\u0161tvo in\u017eenjera i tehni\u010dara grada Samobora postavlja ovaj Sun\u010dani sat na<\/em><\/span><\/p>\n<p><span style=\"font-family: georgia, palatino, serif; font-size: 12pt;\"><em>\u0160etali\u0161tu uz mlinove i daruje ga Gradu Samoboru sa \u017eeljom da postane mjesto<\/em><\/span><\/p>\n<p><span style=\"font-family: georgia, palatino, serif; font-size: 12pt;\"><em>susreta, razgovora, odmora, razmi\u0161ljanja.<\/em><\/span><\/p>\n<p><span style=\"font-family: georgia, palatino, serif; font-size: 12pt;\"><strong>SUNCE<\/strong><\/span><\/p>\n<p><span style=\"font-family: georgia, palatino, serif; font-size: 12pt;\"><em>sredi\u0161nja zvijezda na\u0161eg Sun\u010devog sustava, izvor energije i \u017eivota na planetu Zemlji, istinski je kreator ovog sata.<\/em><\/span><\/p>\n<p><span style=\"font-family: georgia, palatino, serif; font-size: 12pt;\"><em>Samobor, listopad, 2015.<\/em><\/span><\/p>\n","protected":false},"excerpt":{"rendered":"<p>Povodom obilje\u017eavanja 20. obljetnice djelovanja Dru\u0161tva in\u017eenjera i tehni\u010dara grada Samobora pokrenut je 2014. godine \u00a0jo\u0161 jedan zanimljiv projekt pod nazivom \u201eSun\u010dani sat u Samoboru\u201c. Projekt je ujedno i logi\u010dan nastavak prija\u0161njih projekata DITS-a kao \u0161to su: obnova kamenog stupa \u2013 pila iz 1893. godine u mjestu Gabrovica nedaleko od Samobora izgradnja Vidikovca na brdu [&hellip;]<\/p>\n","protected":false},"author":1,"featured_media":4458,"parent":21,"menu_order":0,"comment_status":"closed","ping_status":"closed","template":"","meta":{"footnotes":""},"class_list":["post-2740","page","type-page","status-publish","has-post-thumbnail","hentry","post"],"_links":{"self":[{"href":"http:\/\/dits.hr\/index.php?rest_route=\/wp\/v2\/pages\/2740","targetHints":{"allow":["GET"]}}],"collection":[{"href":"http:\/\/dits.hr\/index.php?rest_route=\/wp\/v2\/pages"}],"about":[{"href":"http:\/\/dits.hr\/index.php?rest_route=\/wp\/v2\/types\/page"}],"author":[{"embeddable":true,"href":"http:\/\/dits.hr\/index.php?rest_route=\/wp\/v2\/users\/1"}],"replies":[{"embeddable":true,"href":"http:\/\/dits.hr\/index.php?rest_route=%2Fwp%2Fv2%2Fcomments&post=2740"}],"version-history":[{"count":7,"href":"http:\/\/dits.hr\/index.php?rest_route=\/wp\/v2\/pages\/2740\/revisions"}],"predecessor-version":[{"id":4440,"href":"http:\/\/dits.hr\/index.php?rest_route=\/wp\/v2\/pages\/2740\/revisions\/4440"}],"up":[{"embeddable":true,"href":"http:\/\/dits.hr\/index.php?rest_route=\/wp\/v2\/pages\/21"}],"wp:featuredmedia":[{"embeddable":true,"href":"http:\/\/dits.hr\/index.php?rest_route=\/wp\/v2\/media\/4458"}],"wp:attachment":[{"href":"http:\/\/dits.hr\/index.php?rest_route=%2Fwp%2Fv2%2Fmedia&parent=2740"}],"curies":[{"name":"wp","href":"https:\/\/api.w.org\/{rel}","templated":true}]}}